{"id":748,"date":"2016-11-25T00:20:12","date_gmt":"2016-11-25T00:20:12","guid":{"rendered":"http:\/\/luzboterofineart.com\/?page_id=748"},"modified":"2018-01-16T16:35:01","modified_gmt":"2018-01-16T16:35:01","slug":"botero-fernando-3","status":"publish","type":"page","link":"https:\/\/luzboterofineart.com\/en\/artistas-2\/botero-fernando-3\/","title":{"rendered":"FABELO Roberto"},"content":{"rendered":"<p>[vc_row][vc_column width=&#8221;1\/3&#8243;][\/vc_column][vc_column width=&#8221;1\/3&#8243;][\/vc_column][vc_column width=&#8221;1\/3&#8243;][\/vc_column][\/vc_row][vc_row][vc_column][vc_custom_heading source=&#8221;post_title&#8221; use_theme_fonts=&#8221;yes&#8221;][vc_empty_space height=&#8221;20&#8243;][\/vc_column][\/vc_row][vc_row][vc_column][vc_separator][\/vc_column][\/vc_row][vc_row][vc_column][vc_column_text]<\/p>\n<h4>Roberto Fabelo, Camaguey, Cuba, 1950.<\/h4>\n<p>&nbsp;<\/p>\n<h4>SOLO EXHIBITIONS<\/h4>\n<p><strong>\u00a0<\/strong><\/p>\n<p><strong>2009<\/strong>\u00a0\u00a0 \u201c<em>Sobrevivientes<\/em>\u201d, National Museum of Fine Arts, Havana, Cuba.<\/p>\n<p><strong>2006<\/strong>\u00a0\u00a0 \u201c<em>Mundos<\/em>\u201d, National Museum of Fine Arts, Havana, Cuba.<\/p>\n<p>Suyu Gallery, Havana, Cuba.<\/p>\n<p><strong>2005<\/strong>\u00a0\u00a0 \u201c<em>Mundos<\/em>\u201d, National Museum of Fine Arts, Havana, Cuba.<\/p>\n<p><em>\u201cM\u00e1scaras, simulacros, espejismos, disfraces<\/em>\u201d,\u00a0 Luis de Soto Gallery, Havana, Cuba.<\/p>\n<p><strong>2003<\/strong>\u00a0\u00a0 \u201c<em>Un poco de m\u00ed<\/em>\u201d, National Museum of Fine Arts, Havana, Cuba.<\/p>\n<p><strong>2000<\/strong>\u00a0\u00a0 Charlotte Moser Gallery, Geneva, Switzerland.<\/p>\n<p><strong>1998<\/strong>\u00a0\u00a0 Santander Art Fair, Santander, Spain.<\/p>\n<p><strong>1997<\/strong>\u00a0\u00a0 La Acacia Gallery, Havana, Cuba.<\/p>\n<p><strong>1994<\/strong>\u00a0\u00a0 Torres Gallery, Bilbao, Spain.<\/p>\n<p><strong>1993<\/strong>\u00a0\u00a0 Torres Gallery, Bilbao, Spain.<\/p>\n<p>Xeito Gallery, Madrid, Spain.<\/p>\n<p><strong>1991<\/strong>\u00a0\u00a0 \u00bf<em>D\u00f3nde est\u00e1 Fabelo?, dibujando<\/em>, Galiano Gallery, Havana, Cuba.<\/p>\n<p><strong>1990<\/strong>\u00a0\u00a0 Metropolitan Gallery, Mexico City, Mexico.<\/p>\n<p>Tamiz Gallery, Maracaibo, Venezuela.<\/p>\n<p><strong>1989<\/strong>\u00a0\u00a0 \u201c<em>Acuarelas<\/em>\u201d, Pacific Gallery , Puerto Vallarta, Mexico.<\/p>\n<p>\u201c<em>Peque\u00f1as historias de am<\/em>or\u201d, Ortiz Monasterio Gallery, Mexico City, Mexico.<\/p>\n<p><strong>1988<\/strong>\u00a0\u00a0 \u201c<em>Fragmentos vitales<\/em>\u201d, National Museum, Havana, Cuba.<\/p>\n<p>\u201c<em>Dibujos y acuarelas<\/em>\u201d, OMR Gallery, Mexico City, Mexico.<\/p>\n<p>Visual Arts Gallery, Tampico, Mexico.<\/p>\n<p><strong>1987<\/strong>\u00a0\u00a0 \u201c<em>Fragmentos vitales<\/em>\u201d, Museum of Modern Art, Mexico City, Mexico.<\/p>\n<p><strong>1986<\/strong>\u00a0\u00a0 Havana Biennial, National Museum, Havana, Cuba.<\/p>\n<p>Hispanic Cultural Center, Athens, Greece.<\/p>\n<p>\u201c<em>Papeles recientes<\/em>\u201d, El Juglar Gallery, Mexico City, Mexico.<\/p>\n<p><strong>1985<\/strong>\u00a0\u00a0 University Museum del Chopo, Mexico City, Mexico.<\/p>\n<p>Oaxaca House of Culture, Oaxaca, Mexico.<\/p>\n<p>Havana Gallery, Havana, Cuba.<\/p>\n<p><strong>1983<\/strong>\u00a0\u00a0 Bayamo Art Gallery, Bayamo, Cuba.<\/p>\n<p><strong>1982<\/strong>\u00a0\u00a0 Latina Gallery America, Stockholm, Sweden.<\/p>\n<p><strong>1981<\/strong>\u00a0\u00a0 Kubanska Tecknare, Latina Gallery, Stockholm, Sweden.<\/p>\n<p>Nordylland Bank, Albourg, Denmark.<\/p>\n<p><strong>1979<\/strong>\u00a0\u00a0 San Alejandro Art Academy, Havana, Cuba.<\/p>\n<p>&nbsp;<\/p>\n<h4>COLLECTIVE EXHIBITIONS<\/h4>\n<p><strong>\u00a0<\/strong><\/p>\n<p><strong>2009\u00a0\u00a0\u00a0 <\/strong>Havana Biennial, Havana, Cuba.<\/p>\n<p><strong>2008<\/strong>\u00a0\u00a0 The Modern and Contemporary Latin American Art Fair, New York, USA.<\/p>\n<p>Shanghai Fair, Shanghai, China.<\/p>\n<p>\u201c<em>Del trazo al volumen<\/em>\u201d, Havana Gallery, Havana, Cuba.<\/p>\n<p>\u201c<em>Puro arte<\/em>\u201d, Casa America, Madrid, Spain.<\/p>\n<p><strong>2007\u00a0\u00a0\u00a0 <\/strong>\u201c<em>Confluencias<\/em> inside\u201d, Jose Luis Cuevas Museum, Mexico City, Mexico.<\/p>\n<p>\u201c<em>Once artistas cubanos<\/em>\u201d, Centre Culturel Le Manoir, Geneva, Switzerland.<\/p>\n<p>ARCO, Madrid, Spain.<\/p>\n<p><strong>2006<\/strong>\u00a0\u00a0 Havana Biennial, Convent of Santa Clara, Havana, Cuba.<\/p>\n<p>ARCO, Madrid, Spain.<\/p>\n<p><strong>2005<\/strong>\u00a0\u00a0 Espacios Gallery Spaces, Madrid, Spain.<\/p>\n<p>\u201c<em>9 pintores contempor\u00e1neos cubanos<\/em>\u201d, Monte Carlo, Monaco.<\/p>\n<p>\u201c<em>Recuento de un a\u00f1o<\/em>\u201d, Villa Manuela Gallery, Havana, Cuba.<\/p>\n<p>ARCO, Madrid, Spain.<\/p>\n<p><strong>2004<\/strong>\u00a0\u00a0 \u201c<em>Monstruos, monstricos\u2026y aspirantes\u201d,<\/em> Lyle O. Reitzel Gallery, Santo\u00a0Domingo, Dominican Republic.<\/p>\n<p>\u201c<em>13 pintores cubanos de hoy<\/em>\u201d, Mediterranean Gallery, Palma de Mallorca, Spain.<\/p>\n<p>\u201c<em>Pl\u00e1stica cubana contempor\u00e1nea<\/em>\u201d, Entreaguas Gallery, Madrid, Spain.<\/p>\n<p>\u201c<em>Grabadores cubanos<\/em>\u201d, Casa de Cultura de Am\u00e9rica Latina, Brasilia, Brazil.<\/p>\n<p>\u201c<em>Mirada interior<\/em>\u201d, Saint Francis of Assisi Convent, Havana, Cuba.<\/p>\n<p>&#8220;Cuban Contemporary Paintings: Color and Symbolism&#8221;, City Art Gallery, Kuala Lumpur, Malaysia.<\/p>\n<p>\u201c<em>Luces y sombras<\/em>\u201d, Saint Francis of Assisi Convent, Havana, Cuba.<\/p>\n<p>Art Toronto, Toronto, Canada.<\/p>\n<p>Art Chicago, Chicago, USA.<\/p>\n<p><strong>2003<\/strong>\u00a0\u00a0 \u201c<em>Onda expansiva: ocho a\u00f1os\u201d,<\/em> Lyle O. Reitzel Gallery, Santo\u00a0Domingo, Dominican Republic.<\/p>\n<p>\u201c<em>31 artistas cubanos contempor\u00e1neos en Chile<\/em>\u201d, Borde R\u00edo Gallery, Santiago de Chile, Chile.<\/p>\n<p>ARCO, Madrid, Spain.<\/p>\n<p>\u201c<em>Sentido com\u00fan<\/em>\u201d, Havana Gallery, Havana, Cuba.<\/p>\n<p>\u201c<em>En el borde<\/em>\u201d, O&#8217;Farrill Palace Hotel, Havana, Cuba.<\/p>\n<p>\u201c<em>Este soplo de buen viento<\/em>\u201d, Jose Marti Cultural Society, Havana, Cuba.<\/p>\n<p><strong>2002<\/strong>\u00a0\u00a0 ARCO, Madrid, Spain.<\/p>\n<p>Art Cubain, Luxembourg, Luxembourg.<\/p>\n<p>Art Miami, Miami, USA.<\/p>\n<p><strong>2001<\/strong>\u00a0\u00a0 La Acacia Gallery, Havana, Cuba.<\/p>\n<p>FIA, Milton Hotel Caracas, Caracas, Venezuela.<\/p>\n<p>Art Paris, Carrousel du Louvre, Paris, France.<\/p>\n<p>ArteBa, Buenos Aires, Argentina.<\/p>\n<p>\u201c<em>Fabelo, Lucio Mu\u00f1oz y Manolo Vald\u00e9s. Tres nombres, tres conceptos, tres caminos<\/em>\u201d, \u00a0Pedro Torres Gallery, Logrono, Spain.<\/p>\n<p><strong>2000<\/strong>\u00a0\u00a0 &#8220;Cuba 2000&#8221;, Espace Commines, Paris, France.<\/p>\n<p>Santander Art Fair, Pedro Torres Gallery, Santander, Spain.<\/p>\n<p>International Contemporary Art Fair, Doble H\u00e9lice Gallery, Seville, Spain.<\/p>\n<p>\u201c<em>3 de Cuba<\/em>\u201d, Moleiro&#8217;s Gallery, Mexico City, Mexico.<\/p>\n<p><strong>1999<\/strong>\u00a0\u00a0 \u201c<em>M\u00e1s all\u00e1 del papel<\/em>\u201d, Conde Duque Cultural Center, Madrid, Spain.<\/p>\n<p>\u201c<em>6 pintores cubanos<\/em>\u201d, Arte Actual Gallery, Santiago de Chile, Chile.<\/p>\n<p><strong>1998<\/strong>\u00a0\u00a0 ARCO, Madrid, Spain.<\/p>\n<p>\u201c<em>Pl\u00e1stica cubana<\/em>\u201d, Ator Gallery, Gijon, Spain.<\/p>\n<p>\u201c<em>Peninsulares y criollos<\/em>\u201d, Council of Huesca, Huesca, Spain.<\/p>\n<p>\u201c<em>Siete miradas<\/em>\u201d, Suyu Gallery, Havana, Cuba.<\/p>\n<p>\u201c<em>Homenaje al cine cubano<\/em>\u201d, Biarritz Film Festival, Biarritz, France.<\/p>\n<p>\u201c<em>La isla en peso<\/em>\u201d, Radisson Hotel, Brussels.<\/p>\n<p>ArteBa, Buenos Aires, Argentina.<\/p>\n<p>La Acacia Gallery, Havana, Cuba.<\/p>\n<p>\u201c<em>Cuban\u00edas: de la isla caribe\u00f1a 52 a\u00f1os despu\u00e9s<\/em>\u201d, Fine Arts Museum of Buenos Aires, La Plata, Argentina.<\/p>\n<p>\u201cCuban Contemporary Art\u201d, Tokyo, Japan.<\/p>\n<p><strong>1997<\/strong>\u00a0\u00a0 ARCO, Madrid, Spain.<\/p>\n<p>Santander Art Fair, Santander, Spain.<\/p>\n<p>\u201c<em>En tiempo<\/em>\u201d, Habana Libre Hotel, Havana, Cuba.<\/p>\n<p>Youth and Students World Festival, Havana, Cuba.<\/p>\n<p><em>\u201cNo son todos los que est\u00e1n<\/em>\u201d, Domingo Ravenet Gallery, Havana, Cuba.<\/p>\n<p><strong>1996<\/strong>\u00a0\u00a0 ARCO, Madrid, Spain.<\/p>\n<p><em>\u201cPalabras en el tr\u00f3pico. 13 artistas pl\u00e1sticos y un gran poeta\u201d,<\/em> Nicolas Guill\u00e9n Foundation, Havana, Cuba.<\/p>\n<p>\u201c<em>Por Cuba y contra el bloqueo; Encuentro cultural Canarias-Cuba\u201d,<\/em> Las Palmas, Spain.<\/p>\n<p>Ibero-American Watercolor Biennial, Vi\u00f1a del Mar, Chile.<\/p>\n<p><strong>1995<\/strong>\u00a0\u00a0 \u201c<em>Im\u00e1genes de Mart\u00ed<\/em>\u201d, Ruben Dario National Theater, Managua, Nicaragua.<\/p>\n<p>\u201c<em>Im\u00e1genes de Mart\u00ed<\/em>\u201d, Museum of Contemporary Art, Panama City, Republic of Panama.<\/p>\n<p>\u201cCuban Contemporary Art\u201d, Museum of Modern Art, Santo Domingo, Dominican Republic.<\/p>\n<p>ARCO, Madrid, Spain.<\/p>\n<p>National Museum, Palace of Fine Arts, Havana, Cuba.<\/p>\n<p>\u201c<em>12 cuentos peregrinos<\/em>\u201d, Latin American Gallery of Casa de las Americas, Havana, Cuba.<\/p>\n<p>\u201c<em>A la carta<\/em>\u201d, Havana Gallery, Havana, Cuba.<\/p>\n<p>International Watercolor Exhibition, Bilbao, Spain.<\/p>\n<p>&#8220;One Love&#8221;, Chelsea Galleries, Kingston, Jamaica.<\/p>\n<p><strong>1994<\/strong>\u00a0\u00a0 \u201cMaster Drawing\u201d Chelsea Gallery, Kingston, Jamaica.<\/p>\n<p>\u201c<em>El tr\u00edo de la seducci\u00f3n<\/em>\u201d, La Acacia Gallery, Havana, Cuba.<\/p>\n<p><strong>1993<\/strong>\u00a0\u00a0 \u201c<em>Dibujo, no te olvido<\/em>\u201d, Visual Arts Development Center, Havana, Cuba.<\/p>\n<p>Jos\u00e9 Clemente Orozco Gallery, Mexico City, Mexico.<\/p>\n<p>\u201c<em>Consagrados cubanos de hoy<\/em>\u201d, La Galer\u00eda, Santiago de Chile, Chile.<\/p>\n<p>\u201cCuban Art Now\u201d, Chelsea Gallery, Kingston, Jamaica.<\/p>\n<p>International Drawing Biennial, Cleveland, United Kingdom.<\/p>\n<p><strong>1992<\/strong>\u00a0\u00a0 Elaine Benson Gallery, New York, USA.<\/p>\n<p>\u201c<em>G\u00e9nesis y ra\u00edces<\/em>\u201d, La Acacia Gallery, Havana, Cuba.<\/p>\n<p>\u201c<em>Color de Cuba<\/em>\u201d, Seville, Spain.<\/p>\n<p><strong>1991<\/strong>\u00a0\u00a0 \u201c<em>18 pintores cubanos<\/em>\u201d, L&#8217;Humanit\u00e9 Festival, Paris.<\/p>\n<p>\u201c<em>Pintura cubana<\/em>\u201d, Poliforum Siqueiros, Mexico City, Mexico.<\/p>\n<p>Triennial of India, Latitkala Akademi Gallery, New Delhi, India.<\/p>\n<p><strong>1989<\/strong>\u00a0\u00a0 Havana Biennial, Havana, Cuba.<\/p>\n<p>\u201c<em>Nueva imagen en la pl\u00e1stica cubana<\/em>\u201d, Mexico City, Mexico.<\/p>\n<p><strong>1988<\/strong>\u00a0\u00a0 Artexpo, Budapest, Hungary.<\/p>\n<p><strong>1987<\/strong>\u00a0\u00a0 \u201c<em>Pintura cubana<\/em>\u201d, New York, USA.<\/p>\n<p><strong>1986<\/strong>\u00a0\u00a0 \u201c<em>El arte con la sonrisa. 30 artistas cubanos de hoy<\/em>\u201d, Milan, Italy.<\/p>\n<p>Graphic Arts Biennial, Cali, Colombia.<\/p>\n<p>ARCO, Madrid, Spain.<\/p>\n<p><strong>1985<\/strong>\u00a0\u00a0 Joan Mir\u00f3 Competition, Barcelona, Spain.<\/p>\n<p>\u201c<em>Grabados cubanos<\/em>\u201d, Algiers, Algeria.<\/p>\n<p><strong>1984<\/strong>\u00a0\u00a0 \u201c<em>Cuba: pintura joven<\/em>\u201d, Erindale Campus Art Gallery, Toronto, Canada.<\/p>\n<p>Havana Biennial, National Museum, Havana, Cuba.<\/p>\n<p>National Museum, Havana, Cuba.<\/p>\n<p>Joan Mir\u00f3 Competition, Barcelona, Spain.<\/p>\n<p>Galiano Gallery, Havana, Cuba.<\/p>\n<p>\u201c<em>Dibujos cubanos<\/em>\u201d, National Museum, Havana, Cuba.<\/p>\n<p>Intergraphik Quadrennial, Berlin, Germany.<\/p>\n<p>International Drawing Exhibition, Rijeka, Yugoslavia.<\/p>\n<p><strong>1983<\/strong>\u00a0\u00a0 \u201c<em>7 artistas cubanos contempor\u00e1neos<\/em>\u201d, Museum of Contemporary Art, Madrid, Spain.<\/p>\n<p>NOMA, Tokyo, Japan.<\/p>\n<p><strong>1982<\/strong>\u00a0\u00a0 \u201c<em>Cinco m\u00e1s uno<\/em>\u201d, Espacio Latinoamericano Gallery, Paris, France.<\/p>\n<p>Joan Mir\u00f3 Competition, Barcelona, Spain.<\/p>\n<p>\u201c<em>Desde Cuba<\/em>\u201d, Ricardo Morales Hall, Aviles, Nicaragua.<\/p>\n<p>\u201c<em>Otra manera de contar la historia<\/em>\u201d, Havana Gallery, Havana, Cuba.<\/p>\n<p><strong>1981<\/strong>\u00a0\u00a0 \u201c<em>La generaci\u00f3n de la esperanza cierta<\/em>\u201d, Berlin, Germany.<\/p>\n<p>Joan Mir\u00f3 Competition, Barcelona, Spain.<\/p>\n<p>\u201c<em>15 dibujantes j\u00f3venes cubanos<\/em>\u201d, Stockholm, Sweden.<\/p>\n<p>Carifesta Festival, Bridgetown, Barbados.<\/p>\n<p><strong>1980<\/strong>\u00a0\u00a0 International Art Center, Havana, Cuba.<\/p>\n<p>\u201c<em>Diez j\u00f3venes artistas cubanos de hoy<\/em>\u201d, Westbeth Gallery, New York, USA.<\/p>\n<p>Intergraphik Quadrennial, Berlin, Germany.<\/p>\n<p>National Museum, Havana, Cuba.<\/p>\n<p>Joan Mir\u00f3 Competition, Barcelona, Spain.<\/p>\n<p><strong>1979<\/strong>\u00a0\u00a0 National Museum, Havana, Cuba.<\/p>\n<p>Aristides Fernandez Drawing Triennial, Lalo Carrasco Hall, Havana, Cuba.<\/p>\n<p><strong>1978<\/strong>\u00a0\u00a0 National Museum, Havana, Cuba.<\/p>\n<p>Lalit Kala Academy, New Delhi, India.<\/p>\n<p><strong>1977<\/strong>\u00a0\u00a0 Engraving Exhibition, Communist Youth Festival, Paris, France.<\/p>\n<p><strong>1976<\/strong>\u00a0\u00a0 National Museum, Havana, Cuba.<\/p>\n<p>\u201c<em>Grabados cubanos<\/em>\u201d, Stockholm, Sweden.<\/p>\n<p>Anniversary of the victory over fascism, traveling through Europe and Asia.<\/p>\n<p><strong>1975<\/strong>\u00a0\u00a0 \u201c<em>Panorama del arte cubano de la colonia a nuestros d\u00edas\u201d,<\/em> Mexico City, Mexico.<\/p>\n<p>Print Biennial, Krakow, Poland.<\/p>\n<p>\u201c<em>Grabados cubanos<\/em>\u201d, National Library, San Jose, Costa Rica.<\/p>\n<p>National Museum, Havana, Cuba.<\/p>\n<p><strong>1974<\/strong>\u00a0\u00a0 Havana Gallery, Havana, Cuba.<\/p>\n<p>National Museum, Palace of Fine Arts, Havana, Cuba.<\/p>\n<p><strong>1973<\/strong>\u00a0\u00a0 National Museum, Palace of Fine Arts, Havana, Cuba.<\/p>\n<p><strong>1972<\/strong>\u00a0\u00a0 National Museum, Palace of Fine Arts, Havana, Cuba.<\/p>\n<p><strong>\u00a0<\/strong><\/p>\n<h4>PRIVATE COLLECTIONS<\/h4>\n<p>&nbsp;<\/p>\n<p>National Museum of Fine Arts, Havana, Cuba.<\/p>\n<p>Casa de Las Americas, Havana, Cuba.<\/p>\n<p>Wifredo Lam Contemporary Art Center, Havana, Cuba.<\/p>\n<p>Museum of Modern Art, New Delhi, India.<\/p>\n<p>Nordilland Kunstmuseum, Aalborg, Denmark.<\/p>\n<p>Museum of Modern Art, Mexico City, Mexico.<\/p>\n<p>University Museum del Chopo, Mexico City, Mexico.<\/p>\n<p>The Cleveland Gallery, Cleveland, United Kingdom.<\/p>\n<p>MOLA, Los Angeles, USA.<\/p>\n<p>Uffizi Gallery, Florence, Italy.<\/p>\n<p>Yugoslav Portrait Gallery, Tuzla, Yugoslavia.<\/p>\n<p>Finsole SPA Foundation, Sicily, Italy<\/p>\n<p>Howart Farber Cuban Art Collection, Harn Museum, Miami, USA.<\/p>\n<p>Cuban Representation at the United Nations, New York, USA.<\/p>\n<p>Alex and Carole Rosenberg, New York, USA.<\/p>\n<p>Banco Financiero Internacional, Havana, Cuba.<\/p>\n<p>Office of the Historian of the City, Havana, Cuba.<\/p>\n<p>Miramar Trade Center, Havana, Cuba.<\/p>\n<p>Cuban Embassy in Mexico, Mexico City, Mexico.<\/p>\n<p>Paula Church, Havana, Cuba.<\/p>\n<p>Inglaterra Hotel, Havana, Cuba.<\/p>\n<p>&nbsp;<\/p>\n<p><strong>\u00a0<\/strong>[\/vc_column_text][\/vc_column][\/vc_row][vc_row][vc_column][vc_column_text]<a href=\"http:\/\/luzboterofineart.com\/contacto\/\">For more information regarding this artist, please contact the Luz Botero Fine Art Gallery.<\/a>[\/vc_column_text][\/vc_column][\/vc_row]<\/p>","protected":false},"excerpt":{"rendered":"<p>[vc_row][vc_column width=&#8221;1\/3&#8243;][\/vc_column][vc_column width=&#8221;1\/3&#8243;][\/vc_column][vc_column width=&#8221;1\/3&#8243;][\/vc_column][\/vc_row][vc_row][vc_column][vc_custom_heading source=&#8221;post_title&#8221; use_theme_fonts=&#8221;yes&#8221;][vc_empty_space height=&#8221;20&#8243;][\/vc_column][\/vc_row][vc_row][vc_column][vc_separator][\/vc_column][\/vc_row][vc_row][vc_column][vc_column_text] Roberto Fabelo, Camaguey, Cuba, 1950. &nbsp; SOLO EXHIBITIONS \u00a0 2009\u00a0\u00a0 \u201cSobrevivientes\u201d, National Museum of Fine Arts, Havana, Cuba. 2006\u00a0\u00a0 \u201cMundos\u201d, National Museum of Fine Arts, Havana, Cuba. Suyu Gallery, Havana, Cuba. 2005\u00a0\u00a0 \u201cMundos\u201d, National Museum of Fine Arts, Havana, Cuba. \u201cM\u00e1scaras, simulacros, espejismos, disfraces\u201d,\u00a0 Luis de Soto Gallery,&hellip;<\/p>\n","protected":false},"author":1,"featured_media":963,"parent":117,"menu_order":0,"comment_status":"closed","ping_status":"closed","template":"","meta":{"inline_featured_image":false},"tags":[5],"acf":[],"_links":{"self":[{"href":"https:\/\/luzboterofineart.com\/en\/wp-json\/wp\/v2\/pages\/748"}],"collection":[{"href":"https:\/\/luzboterofineart.com\/en\/wp-json\/wp\/v2\/pages"}],"about":[{"href":"https:\/\/luzboterofineart.com\/en\/wp-json\/wp\/v2\/types\/page"}],"author":[{"embeddable":true,"href":"https:\/\/luzboterofineart.com\/en\/wp-json\/wp\/v2\/users\/1"}],"replies":[{"embeddable":true,"href":"https:\/\/luzboterofineart.com\/en\/wp-json\/wp\/v2\/comments?post=748"}],"version-history":[{"count":7,"href":"https:\/\/luzboterofineart.com\/en\/wp-json\/wp\/v2\/pages\/748\/revisions"}],"predecessor-version":[{"id":1438,"href":"https:\/\/luzboterofineart.com\/en\/wp-json\/wp\/v2\/pages\/748\/revisions\/1438"}],"up":[{"embeddable":true,"href":"https:\/\/luzboterofineart.com\/en\/wp-json\/wp\/v2\/pages\/117"}],"wp:featuredmedia":[{"embeddable":true,"href":"https:\/\/luzboterofineart.com\/en\/wp-json\/wp\/v2\/media\/963"}],"wp:attachment":[{"href":"https:\/\/luzboterofineart.com\/en\/wp-json\/wp\/v2\/media?parent=748"}],"wp:term":[{"taxonomy":"post_tag","embeddable":true,"href":"https:\/\/luzboterofineart.com\/en\/wp-json\/wp\/v2\/tags?post=748"}],"curies":[{"name":"wp","href":"https:\/\/api.w.org\/{rel}","templated":true}]}}