{"id":630,"date":"2016-11-23T16:12:21","date_gmt":"2016-11-23T16:12:21","guid":{"rendered":"http:\/\/luzboterofineart.com\/?page_id=630"},"modified":"2017-12-04T23:09:43","modified_gmt":"2017-12-04T23:09:43","slug":"sanchez-tomas","status":"publish","type":"page","link":"https:\/\/luzboterofineart.com\/en\/artistas-2\/sanchez-tomas\/","title":{"rendered":"SANCHEZ Tomas"},"content":{"rendered":"<p>[vc_row][vc_column][vc_custom_heading source=&#8221;post_title&#8221; use_theme_fonts=&#8221;yes&#8221;][vc_empty_space height=&#8221;20&#8243;][\/vc_column][\/vc_row][vc_row][vc_column][rev_slider_vc alias=&#8221;sanchez-tomas&#8221;][vc_empty_space height=&#8221;20&#8243;][\/vc_column][\/vc_row][vc_row][vc_column][vc_custom_heading source=&#8221;post_title&#8221; use_theme_fonts=&#8221;yes&#8221;][vc_separator][\/vc_column][\/vc_row][vc_row][vc_column][vc_column_text]<\/p>\n<h4>Tomas Sanchez Requeiro, Aguada de Pasajeros, Cuba, 1948.<\/h4>\n<p>&nbsp;<\/p>\n<h4>SOLO EXHIBITIONS<\/h4>\n<p><strong>\u00a0<\/strong><\/p>\n<p><strong>201<\/strong>\u00a0\u00a0\u00a0\u00a0 \u201c<em>Paisaje<\/em>\u201d, National Museum of Fine Arts, Havana, Cuba.<\/p>\n<p><strong>2014<\/strong>\u00a0\u00a0 \u201c<em>Notas al paso<\/em>\u201d, Wifredo Lam Contemporary Art Center, Havana, Cuba.<\/p>\n<p><strong>2013<\/strong>\u00a0\u00a0 \u201c<em>Notas al paso<\/em>\u201d, Casa de Vacas Cultural Center, Madrid, Spain.<\/p>\n<p><strong>2012<\/strong>\u00a0\u00a0 \u201c<em>Met\u00e1foras<\/em>\u201d, Luz Botero Fine Art Gallery, Panama City, Panama.<\/p>\n<p><strong>2008<\/strong>\u00a0\u00a0 \u201c<em>Marco<\/em>\u201d, Museum of Contemporary Art, Monterrey, Mexico.<\/p>\n<p><strong>2005<\/strong>\u00a0\u00a0 \u201c<em>Buscador de paisajes<\/em>\u201d, Marlborough Gallery, New York, USA.<\/p>\n<p><strong>2003<\/strong>\u00a0\u00a0 \u201cWorks on Paper\u201d, Marlborough Gallery, New York, USA.<\/p>\n<p><strong>2002<\/strong>\u00a0\u00a0 \u201cDrawings\u201d, Marlborough Gallery, New York, USA.<\/p>\n<p><strong>2001<\/strong>\u00a0\u00a0 \u201c<em>Obras recientes<\/em>\u201d, FIAC, Madrid, Spain.<\/p>\n<p><strong>1999<\/strong>\u00a0\u00a0 \u201cNew Paintings and Drawings\u201d, Marlborough Gallery, New York, USA.<\/p>\n<p><strong>1997<\/strong>\u00a0\u00a0 \u201cWorks on Paper\u201d, Jorge M. Sori Fine Art, Coral Gables, USA.<\/p>\n<p><strong>1996<\/strong>\u00a0\u00a0 \u201cDifferent Worlds\u201d, Museum of Art, Ft. Lauderdale, USA.<\/p>\n<p><strong>1995<\/strong>\u00a0\u00a0 \u201cRecent Works\u201d, Weiss and Jorge M. Sori Fine Art, Coral Gables, USA.<\/p>\n<p>\u201cTomas Sanchez and Ram\u00f3n Alejandro\u201d, Weiss and Jorge M. Sori Fine Art, Miami, USA.<\/p>\n<p><strong>1994<\/strong>\u00a0\u00a0 \u201c<em>Pinturas<\/em>\u201d, Pemex Gallery, Mexico City, Mexico.<\/p>\n<p><strong>1993<\/strong>\u00a0\u00a0 \u201c<em>De Cuba a Cuba. El arte como puente<\/em>\u201d, Cuban Museum of Arts and Culture, Miami, USA.<\/p>\n<p>\u201cTomas Sanchez and Antonia Eiriz\u201d, Weiss and Jorge M. Sori Fine Art, Coral Gables, USA.<\/p>\n<p><strong>1989<\/strong>\u00a0\u00a0 \u201c<em>Pinturas<\/em>\u201d, Arvil Gallery, Mexico City, Mexico.<\/p>\n<p><strong>1987<\/strong>\u00a0\u00a0 \u201cPaintings by Tom\u00e1s S\u00e1nchez\u201d, Quintero Gallery, Coral Gables, USA.<\/p>\n<p>\u201c<em>Relaciones de Tom\u00e1s S\u00e1nchez<\/em>\u201d, Provincial Center of Plastic Arts and Design, Havana, Cuba.<\/p>\n<p><strong>1986<\/strong>\u00a0\u00a0 \u201c<em>Pinturas<\/em>\u201d, Quintero Gallery, Barranquilla, Colombia.<\/p>\n<p><strong>1985<\/strong>\u00a0\u00a0 \u201c<em>Retrospectiva<\/em>\u201d, National Museum of Fine Arts, Havana, Cuba.<\/p>\n<p>\u201c<em>\u00d3leos<\/em>\u201d, Servando Cabrera Moreno Gallery, Havana, Cuba.<\/p>\n<p><strong>1983<\/strong>\u00a0\u00a0 \u201cDrawings\u201d, Visual Artists Union of Moscow, Moscow, Russia.<\/p>\n<p>House of Culture, Prague, Czechoslovakia.<\/p>\n<p>Municipal Culture Gallery, Famagusta Gate, Nicosia, Cyprus.<\/p>\n<p>Hispano-Latin American Cultural Center, Athens, Greece.<\/p>\n<p>Und Caf\u00e9 Gallery, Vienna, Austria.<\/p>\n<p><strong>1981<\/strong>\u00a0\u00a0 \u201c<em>Requeiro<\/em>\u201d, Joan Mir\u00f3 Foundation, Centre d&#8217;Estudis d&#8217;Art Contemporani, Barcelona, Spain.<\/p>\n<p><strong>1980<\/strong>\u00a0\u00a0 \u201c<em>Paisajes y mu\u00f1ecos<\/em>\u201d, Lenin Park, Havana, Cuba.<\/p>\n<p><strong>1979<\/strong>\u00a0\u00a0 \u201c<em>Paisajes<\/em>\u201d, Provincial Art Gallery, Havana, Cuba.<\/p>\n<p>\u201c<em>T\u00e9mperas de Tom\u00e1s S\u00e1nchez<\/em>\u201d, Municipal Cultural Center, Havana, Cuba.<\/p>\n<p><strong>1974<\/strong>\u00a0\u00a0 \u201c<em>Pinturas y grabados<\/em>\u201d, L Gallery, Havana, Cuba.<\/p>\n<p>&nbsp;<\/p>\n<h4>COLLECTIVE EXHIBITIONS<\/h4>\n<p><strong>\u00a0<\/strong><\/p>\n<p><strong>2013<\/strong>\u00a0\u00a0 \u201c<em>Alboroto quieto<\/em>\u201d, Casa de las Americas, Havana, Cuba.<\/p>\n<p>\u201c<em>Obra sobre papel. Explorando el trazo<\/em>\u201d, Marlborough Gallery, Valencia, Spain.<\/p>\n<p><strong>2012<\/strong>\u00a0\u00a0 \u201cFans forever\u201d, Freedom Tower, Miami, USA.<\/p>\n<p>\u201c<em>Segunda naturaleza<\/em>\u201d, Jorge Sori Fine Art, Miami, USA.<\/p>\n<p><strong>2011<\/strong>\u00a0\u00a0 Summer group exhibition, Marlborough Gallery, New York, USA.<\/p>\n<p>\u201cAjiaco: Stirrings of the Cuban Soul\u201d, Newark Museum, New Jersey, USA.<\/p>\n<p><strong>2010<\/strong>\u00a0\u00a0\u00a0 \u201c<em>10 Ans Deja<\/em>\u201d, Marlborough Gallery, Monte Carlo, Monaco.<\/p>\n<p><strong>2009<\/strong>\u00a0\u00a0 \u201c<em>La conciencia del testigo<\/em>\u201d, Havana Biennial, Havana, Cuba.<\/p>\n<p>Servando Cabrera Moreno Library, Havana, Cuba.<\/p>\n<p>\u201c<em>Punto de encuentro<\/em>\u201d, \u00a0Havana Biennial, Havana, Cuba.<\/p>\n<p>Saint Francis of Assisi Convent, Havana, Cuba.<\/p>\n<p><strong>2008<\/strong>\u00a0\u00a0 \u201cSurrounded by Water: Expressions of Freedom and Isolation in Contemporary Cuban Art\u201d, Boston University, Boston, USA.<\/p>\n<p><em>\u201c\u00a1Cuba! Arte e historia desde 1868 hasta nuestros d\u00edas<\/em>\u201d, Fine Arts Museum, Montreal, Canada.<\/p>\n<p>ARCO, Marlborough Gallery, Madrid, Spain.<\/p>\n<p>\u201c<em>Esta noche baila aqu\u00ed Alicia Alonso<\/em>\u201d, \u00a0National Museum of Fine Arts, Havana, Cuba.<\/p>\n<p><strong>2007<\/strong>\u00a0\u00a0 \u201c<em>Puente para las rupturas<\/em>\u201d, National Museum of Fine Arts, Havana, Cuba.<\/p>\n<p>&#8220;Summer Exhibition&#8221;, Marlborough Gallery, New York, USA.<\/p>\n<p>Servando Cabrera Moreno Library, Havana, Cuba.<\/p>\n<p><strong>2006<\/strong>\u00a0\u00a0 Art Miami, Miami, USA.<\/p>\n<p>\u201c<em>La vida en pelota<\/em>\u201d, Servando Gallery, Havana, Cuba.<\/p>\n<p><strong>2005<\/strong>\u00a0\u00a0 \u201cLandscape, Cityscape\u201d, Marlborough Gallery, New York, USA.<\/p>\n<p>&#8220;Works on Paper&#8221;, Marlborough Gallery, New York, USA.<\/p>\n<p>Art Miami, Miami, USA.<\/p>\n<p><strong>2004<\/strong>\u00a0\u00a0 \u201cImages of Time and Place: Contemporary Views of Landscapes\u201d, Lehman College Art Gallery, New York, USA.<\/p>\n<p><em>\u201cMi paisaje en La\u00a0 Acacia<\/em>\u201d, Gallery La Acacia, Havana, Cuba.<\/p>\n<p><strong>2001<\/strong>\u00a0\u00a0 \u201c<em>Arte de las Am\u00e9ricas<\/em>\u201d, Costa Rican Art Museum, San Jose, Costa Rica.<\/p>\n<p><strong>2000<\/strong>\u00a0\u00a0 \u201c<em>Grandi Artisti alla Fabbrica San Giorgio<\/em>\u201d, Spazio Espositivo del Comune di Badalucco, Imperia, Italy.<\/p>\n<p><strong>1999<\/strong>\u00a0\u00a0 \u201c<em>Alter ego<\/em>\u201d, Paula Lama Gallery, Santo Domingo, Dominican Republic.<\/p>\n<p><strong>1998<\/strong>\u00a0\u00a0 \u201c<em>Forma\u00a0y figuraci\u00f3n: obras maestras de la colecci\u00f3n Blake-Purnel\u201d,<\/em> Guggenheim Museum, Bilbao, Spain.<\/p>\n<p><strong>1997<\/strong>\u00a0\u00a0 \u201c<em>Lejos de Cuba<\/em>\u201d, Mus\u00e9e de Tapisseries, Aix-en-Provence, France.<\/p>\n<p>\u201cBotero, Lam, Matta and Sanchez\u201d, Jorge M. Sori Fine Art, Coral Gables, USA.<\/p>\n<p>&#8220;Breaking Barriers&#8221;, Museum of Art, Fort Lauderdale, USA.<\/p>\n<p><strong>1996<\/strong>\u00a0\u00a0 \u201c<em>Impresiones de la memoria, la huella m\u00faltiple<\/em>\u201d, Fototeca de Cuba, Havana, Cuba.<\/p>\n<p>\u201c<em>Estampas cubanas de los tres siglos<\/em>\u201d, National Museum of Colombia, Bogot\u00e1, Colombia.<\/p>\n<p>Art Miami, Miami, USA.<\/p>\n<p><strong>1995<\/strong>\u00a0\u00a0 \u201c<em>El tema hist\u00f3rico en la pintura cubana<\/em>\u201d, National Museum of Fine Arts, Havana, Cuba.<\/p>\n<p>\u201c<em>Novecento\u00a0 cubano: la naturaleza, el hombre, los dioses<\/em>.\u201d, Milan, Italy.<\/p>\n<p><strong>1994<\/strong>\u00a0\u00a0 \u201c<em>Artistas cubanos del S. XX<\/em>\u201d, Museum of Art, Fort Lauderdale, USA.<\/p>\n<p>\u201c<em>Nuevas adquisiciones<\/em>\u201d, National Museum of Fine Arts, Havana, Cuba.<\/p>\n<p>\u201cCuban Art. The Last Sixty Years\u201d, Pan American Art Gallery, Dallas, USA.<\/p>\n<p>\u201cGallery Artists\u201d, Weiss and Jorge M. Sori Fine Art, Coral Gables, USA.<\/p>\n<p><strong>1993<\/strong>\u00a0\u00a0 \u201cMagic Image Group and Antonia Eiriz\u201d, Weiss and Jorge M. Sori Fine Art, Coral Gables, USA.<\/p>\n<p>\u201c<em>Arte cubano: pasado y presente<\/em>\u201d, Gary Nader Fine Art, Coral Gables, USA.<\/p>\n<p><strong>1992<\/strong>\u00a0\u00a0 \u201c<em>De Cuba a Cuba: el arte como puente<\/em>\u201d, Cuban Museum of Art &amp; Culture, Miami, USA.<\/p>\n<p>\u201c<em>Color de Cuba<\/em>\u201d, Seville, Spain.<\/p>\n<p>\u201c<em>Un marco para la tierra<\/em>\u201d, Visual Arts Development Center, Havana, Cuba.<\/p>\n<p><strong>1990<\/strong>\u00a0\u00a0 \u201c<em>Los cubanos llegaron ya<\/em>\u201d, Ninart Cultural Center, Mexico City, Mexico.<\/p>\n<p>\u201c<em>18 pintores de Cuba en Par\u00eds<\/em>\u201d, L\u00b4humanit\u00e9 Festival, Paris, France.<\/p>\n<p><strong>1989<\/strong>\u00a0\u00a0 \u201c<em>Maestros latinoamericanos<\/em>\u201d, Bernheim Gallery, Panama City, Panama.<\/p>\n<p><strong>1988<\/strong>\u00a0\u00a0 \u201c<em>Pintura cubana<\/em>\u201d, Jaime Guasch Foundation, Barcelona, Spain.<\/p>\n<p>\u201c<em>Pintura contempor\u00e1nea cubana<\/em>\u201d, Tretyakov Gallery, Moscow, Russia.<\/p>\n<p>\u201c<em>Pl\u00e1stica cubana 1980. Diecis\u00e9is artistas j\u00f3venes<\/em>\u201d, L Gallery, Havana, Cuba.<\/p>\n<p>\u201c<em>Pintura cubana actual<\/em>\u201d, Chapel of the Old Holy Cross Hospital, Barcelona, Spain.<\/p>\n<p>\u201c<em>Pintura cubana actual<\/em>\u201d, Cuba in Club 24, Madrid, Spain.<\/p>\n<p>UNEAC Plastic Arts Salon, Havana, Cuba.<\/p>\n<p>\u201cThree Centuries of Cuban Engravings\u201d, Sofia, Bulgaria.<\/p>\n<p>Artexpo Spring Festival, Budapest, Hungary.<\/p>\n<p>Havana Biennial, Havana, Cuba.<\/p>\n<p><strong>1987<\/strong>\u00a0\u00a0 First International Painting Biennial, Cuenca, Ecuador.<\/p>\n<p>ARCO, Crystal Palace, Madrid, Spain.<\/p>\n<p><strong>1986<\/strong>\u00a0\u00a0 \u201c<em>J\u00f3venes artistas cubanos<\/em>\u201d, Buenos Aires, Argentina.<\/p>\n<p>\u201c<em>Pintura cubana<\/em>\u201d, Museum of Art, San Jose, Costa Rica.<\/p>\n<p>\u201c<em>Obra gr\u00e1fica cubana<\/em>\u201d, Stenau de Gracia L\u00b4Artesta, Barcelona, Spain.<\/p>\n<p>\u201c<em>Arte de Cuba<\/em>\u201d, Junge Kunstler Gallery, Berlin, Germany.<\/p>\n<p>Havana Biennial, National Museum of Fine Arts, Havana, Cuba.<\/p>\n<p>International Biennial of Graphic Art, La Tertulia Museum, Cali, Colombia.<\/p>\n<p>Triennial of India, Lalit Kala Academy, New Delhi, India.<\/p>\n<p>\u201c<em>El arte con la sonrisa<\/em>\u201d, Rome, Italy.<\/p>\n<p>ARCO, Madrid, Spain.<\/p>\n<p>Biennial of Contemporary Art, Paris, France.<\/p>\n<p>Experimental Artistic Silkscreen Workshop, Havana, Cuba.<\/p>\n<p><strong>1985<\/strong>\u00a0\u00a0 Sao Paulo Biennial, Ibirapuera Park, Sao Paulo, Brazil.<\/p>\n<p>Living Art Center, Tunisia.<\/p>\n<p>National Museum of Fine Arts, Havana, Cuba.<\/p>\n<p><em>\u201cLo \u00fatil y lo bello<\/em>\u201d, National Museum of Fine Arts, Havana, Cuba.<\/p>\n<p>\u201c<em>Del paisaje cubano<\/em>\u201d, Guantanamo, Cuba.<\/p>\n<p><strong>1984<\/strong>\u00a0\u00a0 \u201c<em>7 artistas cubanos contempor\u00e1neos<\/em>\u201d, Rakovski 125 Hall, Sofia, Bulgaria.<\/p>\n<p>Havana Biennial, National Museum of Fine Arts, Havana, Cuba.<\/p>\n<p>\u201c<em>Cuba: pintura joven<\/em>\u201d, Erindale Campus Art Gallery, Toronto, Canada.<\/p>\n<p>\u201c<em>Dibujos cubanos<\/em>\u201d, National Museum of Fine Arts, Havana, Cuba.<\/p>\n<p>\u201c<em>Veinte pintores cubanos contempor\u00e1neos<\/em>\u201d, Paris, France.<\/p>\n<p>\u201c<em>20 Pittori Cubani<\/em>\u201d, Gibellina, Italy.<\/p>\n<p>International Painting Festival, Chateau-Muss\u00e9e, Cagnes-sur-Mer, France.<\/p>\n<p><strong>1983<\/strong>\u00a0\u00a0 Joan Mir\u00f3 International Drawing Award, Centre d\u00b4Estudis d\u00b4Art Contemporani, Parc de Montjuic, \u00a0Barcelona, Spain.<\/p>\n<p>\u201c<em>Pl\u00e1stica cubana contempor\u00e1nea<\/em>\u201d, National Museum, Bogota, Colombia.<\/p>\n<p>\u201c<em>7 artistas cubanos contempor\u00e1neos<\/em>\u201d, Museum of Contemporary Art, Madrid, Spain.<\/p>\n<p>\u201c<em>Encuentro de j\u00f3venes artistas latinoamericanos y caribe\u00f1os<\/em>\u201d, Casa de Las Americas, Havana, Cuba.<\/p>\n<p>\u201c<em>Telarte<\/em>\u201d, Habana Libre Hotel, Havana, Cuba.<\/p>\n<p><strong>1982<\/strong>\u00a0\u00a0 \u201c<em>Otra manera de contar nuestra historia<\/em>\u201d, Habana Gallery, Havana, Cuba.<\/p>\n<p>\u201c<em>Arte cubano<\/em>\u201d, The Signs Gallery, New York, USA.<\/p>\n<p>National Museum of Fine Arts, Havana, Cuba.<\/p>\n<p>\u201c<em>Pintura joven cubana<\/em>\u201d, Rafaela Padilla de Zaragoza Gallery, Puebla, Mexico.<\/p>\n<p>\u201c<em>El paisaje en la pintura contempor\u00e1nea<\/em>\u201d, Alvar and Carmen Carrillo Gil Museum, Mexico City, Mexico.<\/p>\n<p>Provincial Center of Plastic Arts and Design, Havana, Cuba.<\/p>\n<p>23 &amp; 12 Art Center, Havana, Cuba.<\/p>\n<p>Galiano and Concordia Art Gallery, Havana, Cuba.<\/p>\n<p>\u201c<em>Arte cubano<\/em>\u201d, Museum of Modern Art, Panama City, Panama.<\/p>\n<p>\u201c<em>Panorama del paisaje en Cuba<\/em>\u201d, National Museum of Fine Arts, Havana, Cuba.<\/p>\n<p><strong>1981<\/strong>\u00a0\u00a0 \u201c<em>Volumen I<\/em>\u201d, San Rafael International Art Center, Havana, Cuba.<\/p>\n<p>Habana Gallery, Havana, Cuba.<\/p>\n<p>National Museum of Fine Arts, Havana, Cuba.<\/p>\n<p>\u201c<em>Gr\u00e1fica cubana<\/em>\u201d, Husse Gallery, Aalborg, Denmark.<\/p>\n<p>\u201c<em>Esta Habana nuestra<\/em>\u201d, Gallery Amelia Pel\u00e1ez, Lenin Park, Havana, Cuba.<\/p>\n<p>\u201c<em>T\u00e9cnica cubana<\/em>\u201d, Latina Gallery, Stockholm, Sweden.<\/p>\n<p>\u201c<em>Dibujo y grabado contempor\u00e1neo<\/em>\u201d, Lalit Kala Gallery, New Delhi, India.<\/p>\n<p>Lionel Wendt Center of Fine Art, Colombo, Sri Lanka.<\/p>\n<p>\u201c<em>Trece artistas j\u00f3venes<\/em>\u201d, Habana Gallery, Havana, Cuba.<\/p>\n<p>\u201c<em>La generaci\u00f3n de la esperanza cierta<\/em>\u201d, Mexico City, Mexico.<\/p>\n<p>\u201c<em>Kunst Aus Kuba<\/em>\u201d, Ausstellungszentrum Al Fernsehtrum, Berlin, Germany.<\/p>\n<p>\u201c<em>Pintura cubana<\/em>\u201d, Taidemaarlariliiton Gallery, Helsinki, Finland.<\/p>\n<p>Habana Libre Hotel, Havana, Cuba.<\/p>\n<p>\u201c<em>Primera mirada: 10 artistas j\u00f3venes de la Cuba de hoy<\/em>\u201d, Westbeth Gallery, New York, USA.<\/p>\n<p><strong>1980<\/strong>\u00a0\u00a0 Amelia Pel\u00e1ez Gallery, Lenin Park, Havana, Cuba.<\/p>\n<p>Habana Gallery, Havana, Cuba.<\/p>\n<p>\u201c<em>Exposici\u00f3n de gr\u00e1fica cubana<\/em>\u201d, Managua, Nicaragua.<\/p>\n<p>Joan Mir\u00f3 International Drawing Award, Joan Mir\u00f3 Foundation, Barcelona, Spain.<\/p>\n<p>First National Landscape Competition Leopoldo Roma\u00f1ach, Guantanamo Library, Guantanamo, Cuba.<\/p>\n<p>\u201c<em>Paisaje cubano<\/em>\u201d, Bucharest, Romania.<\/p>\n<p>\u201c<em>La generaci\u00f3n de la esperanza cierta<\/em>\u201d, Prague, Czechoslovakia.<\/p>\n<p><strong>1979<\/strong>\u00a0\u00a0 \u201c<em>J\u00f3venes pl\u00e1sticos cubanos<\/em>\u201d, Habana Gallery, Havana, Cuba.<\/p>\n<p>\u201c<em>Pintura fresca<\/em>\u201d, Cienfuegos Art Gallery, Cienfuegos, Cuba.<\/p>\n<p><strong>1978<\/strong>\u00a0\u00a0 \u201c<em>Nueve versiones, un tema<\/em>\u201d, Galiano Gallery, Havana, Cuba.<\/p>\n<p><strong>1976<\/strong>\u00a0\u00a0 \u201c<em>Grabados cubanos contempor\u00e1neos<\/em>\u201d, Stockholm, Sweden.<\/p>\n<p>International Printmaking Triennial, Krakow.\u00a0Poland.<\/p>\n<p>\u201c<em>Viva Cuba libre<\/em>\u201d, Paris, France.<\/p>\n<p>National Museum of Fine Arts, Havana, Cuba.<\/p>\n<p>American Biennial of Graphic Arts, La Tertulia Museum, Cali, Colombia.<\/p>\n<p>\u201c<em>Solidaridad con el pueblo de Angola<\/em>\u201d, Habana Gallery, Havana, Cuba.<\/p>\n<p>\u201cCuban Painting and Graphic Art\u201d, Zacheta Gallery, Warsaw, Poland.<\/p>\n<p>\u201cCuban Painting and Graphic Art\u201d, National Gallery, Sofia, Bulgaria.<\/p>\n<p>National Arts School, Havana, Cuba.<\/p>\n<p>\u201cArt of Cuba\u201d, Helsingin Taidehalli, Helsinki, Finland.<\/p>\n<p>\u201cIntergrafik 76\u201d, Museum of German History, Berlin, Germany.<\/p>\n<p>\u201cCuban Painting\u201d, D-Smichov Gallery, Prague, Czechoslovakia.<\/p>\n<p>\u201cContemporary Cuban Engravings\u201d, Museum of Art of Oriental Peoples, Moscow, Russia.<\/p>\n<p><strong>1975<\/strong>\u00a0\u00a0 International Print Biennial, Museum of Modern Art, Tokyo, Japan.<\/p>\n<p>Triennial of India, Lalit Kala Akademi, New Delhi, India.<\/p>\n<p>National Arts School, Havana, Cuba.<\/p>\n<p>Habana Gallery, Havana, Cuba.<\/p>\n<p>\u201c<em>Panorama del arte cubano, de la colonia a nuestros d\u00edas<\/em>\u201d, Museum of Modern Art, Chapultepec, Mexico.<\/p>\n<p>Amelia Pel\u00e1ez Gallery, Lenin Park, Havana, Cuba.<\/p>\n<p>\u201c<em>Pintura y gr\u00e1fica cubana<\/em>\u201d, Santa Clara, Las Villas, Cuba.<\/p>\n<p>National Museum of Fine Arts, Havana, Cuba.<\/p>\n<p><strong>1974<\/strong>\u00a0\u00a0 International Print Biennial, Krakow, Poland.<\/p>\n<p>\u201c<em>Kuba Grafik Und Plakat<\/em>\u201d, Ausstellungszentrum Fernsehturm, Berlin, Germany.<\/p>\n<p>Amelia Pel\u00e1ez Gallery, Lenin Park, Havana, Cuba.<\/p>\n<p><strong>1973<\/strong>\u00a0\u00a0 International Print Triennial, Krakow, Poland.<\/p>\n<p>Oriente Gallery, Santiago de Cuba, Cuba.<\/p>\n<p>&#8220;<em>Intergrafik 73<\/em>&#8220;, Berlin, Germany.<\/p>\n<p>\u201c<em>9 pintores j\u00f3venes, dibujo y grabado<\/em>\u201d, L Gallery, Havana, Cuba.<\/p>\n<p>National Arts Schoo, Havana, Cuba.<\/p>\n<p>National Museum of Fine Arts, Havana, Cuba.<\/p>\n<p><strong>1972<\/strong>\u00a0\u00a0 National Museum of Fine Arts, Havana, Cuba.<\/p>\n<p><strong>1971<\/strong>\u00a0\u00a0 National Museum of Fine Arts, Havana, Cuba.<\/p>\n<p><strong>1970<\/strong>\u00a0\u00a0 \u201c<em>Dibujos y temperas<\/em>\u201d, L Gallery, Havana, Cuba.<\/p>\n<p>\u201c<em>Cubanac\u00e1n 70<\/em>\u201d, National Arts School, Havana, Cuba.<\/p>\n<p><strong>\u00a0<\/strong><\/p>\n<h4>AWARDS AND DISTINCTIONS<\/h4>\n<p><strong>\u00a0<\/strong><\/p>\n<p><strong>1987<\/strong>\u00a0\u00a0 Honorable Mention, First International Painting Biennial, Cuenca, Ecuador.<\/p>\n<p><strong>1986<\/strong>\u00a0\u00a0 American Graphic Arts Biennial Medal, Cali, Colombia.<\/p>\n<p><strong>1984<\/strong>\u00a0\u00a0 National Painting Award, First Havana Biennial, Havana, Cuba.<\/p>\n<p><strong>1980<\/strong>\u00a0\u00a0 1<sup>st<\/sup> Prize for Painting, First National Landscape Competition Leopoldo Roma\u00f1ach, Guantanamo, Cuba.<\/p>\n<p>Joan Mir\u00f3 International Drawing Award, Barcelona, Spain.<\/p>\n<p><strong>1975<\/strong>\u00a0\u00a0 1<sup>st<\/sup> Prize for Painting and Lithography, Havana, Cuba.<\/p>\n<p><strong>1971<\/strong>\u00a0\u00a0 1<sup>st<\/sup> Prize for Engraving, Havana, Cuba.<\/p>\n<p>[\/vc_column_text][\/vc_column][\/vc_row]<\/p>","protected":false},"excerpt":{"rendered":"<p>[vc_row][vc_column][vc_custom_heading source=&#8221;post_title&#8221; use_theme_fonts=&#8221;yes&#8221;][vc_empty_space height=&#8221;20&#8243;][\/vc_column][\/vc_row][vc_row][vc_column][rev_slider_vc alias=&#8221;sanchez-tomas&#8221;][vc_empty_space height=&#8221;20&#8243;][\/vc_column][\/vc_row][vc_row][vc_column][vc_custom_heading source=&#8221;post_title&#8221; use_theme_fonts=&#8221;yes&#8221;][vc_separator][\/vc_column][\/vc_row][vc_row][vc_column][vc_column_text] Tomas Sanchez Requeiro, Aguada de Pasajeros, Cuba, 1948. &nbsp; SOLO EXHIBITIONS \u00a0 201\u00a0\u00a0\u00a0\u00a0 \u201cPaisaje\u201d, National Museum of Fine Arts, Havana, Cuba. 2014\u00a0\u00a0 \u201cNotas al paso\u201d, Wifredo Lam Contemporary Art Center, Havana, Cuba. 2013\u00a0\u00a0 \u201cNotas al paso\u201d, Casa de Vacas Cultural Center, Madrid, Spain. 2012\u00a0\u00a0 \u201cMet\u00e1foras\u201d, Luz Botero&hellip;<\/p>\n","protected":false},"author":1,"featured_media":539,"parent":117,"menu_order":0,"comment_status":"closed","ping_status":"closed","template":"","meta":{"inline_featured_image":false},"tags":[5],"acf":[],"_links":{"self":[{"href":"https:\/\/luzboterofineart.com\/en\/wp-json\/wp\/v2\/pages\/630"}],"collection":[{"href":"https:\/\/luzboterofineart.com\/en\/wp-json\/wp\/v2\/pages"}],"about":[{"href":"https:\/\/luzboterofineart.com\/en\/wp-json\/wp\/v2\/types\/page"}],"author":[{"embeddable":true,"href":"https:\/\/luzboterofineart.com\/en\/wp-json\/wp\/v2\/users\/1"}],"replies":[{"embeddable":true,"href":"https:\/\/luzboterofineart.com\/en\/wp-json\/wp\/v2\/comments?post=630"}],"version-history":[{"count":5,"href":"https:\/\/luzboterofineart.com\/en\/wp-json\/wp\/v2\/pages\/630\/revisions"}],"predecessor-version":[{"id":1345,"href":"https:\/\/luzboterofineart.com\/en\/wp-json\/wp\/v2\/pages\/630\/revisions\/1345"}],"up":[{"embeddable":true,"href":"https:\/\/luzboterofineart.com\/en\/wp-json\/wp\/v2\/pages\/117"}],"wp:featuredmedia":[{"embeddable":true,"href":"https:\/\/luzboterofineart.com\/en\/wp-json\/wp\/v2\/media\/539"}],"wp:attachment":[{"href":"https:\/\/luzboterofineart.com\/en\/wp-json\/wp\/v2\/media?parent=630"}],"wp:term":[{"taxonomy":"post_tag","embeddable":true,"href":"https:\/\/luzboterofineart.com\/en\/wp-json\/wp\/v2\/tags?post=630"}],"curies":[{"name":"wp","href":"https:\/\/api.w.org\/{rel}","templated":true}]}}