{"id":616,"date":"2016-11-23T15:39:59","date_gmt":"2016-11-23T15:39:59","guid":{"rendered":"http:\/\/luzboterofineart.com\/?page_id=616"},"modified":"2016-11-23T15:47:59","modified_gmt":"2016-11-23T15:47:59","slug":"sinclair-olga","status":"publish","type":"page","link":"https:\/\/luzboterofineart.com\/en\/artistas-2\/sinclair-olga\/","title":{"rendered":"SINCLAIR Olga"},"content":{"rendered":"<p>[vc_row][vc_column][vc_custom_heading source=&#8221;post_title&#8221; use_theme_fonts=&#8221;yes&#8221;][vc_empty_space height=&#8221;20&#8243;][\/vc_column][\/vc_row][vc_row][vc_column][rev_slider_vc alias=&#8221;sinclair-olga&#8221;][\/vc_column][\/vc_row][vc_row][vc_column][vc_empty_space height=&#8221;20&#8243;][vc_custom_heading source=&#8221;post_title&#8221; use_theme_fonts=&#8221;yes&#8221;][vc_separator][\/vc_column][\/vc_row][vc_row][vc_column][vc_column_text]<\/p>\n<h4>Olga Sinclair, Ciudad de Panam\u00e1, Panam\u00e1, 1957.<\/h4>\n<p>&nbsp;<\/p>\n<h4>EXPOSICIONES SELECCIONADAS<\/h4>\n<p><strong>\u00a0<\/strong><\/p>\n<p><strong>2013\u00a0\u00a0\u00a0\u00a0\u00a0<\/strong> I Bienal del Sur,Luz Botero Fine Art Gallery, Ciudad de Panam\u00e1, Panam\u00e1.<\/p>\n<p><strong>2012\u00a0\u00a0\u00a0\u00a0\u00a0<\/strong> \u201cSamsung\u201d, Luz Botero Fine Art Gallery, Ciudad de Panam\u00e1, Panam\u00e1.<\/p>\n<p>\u201cArt Trump\u201d, Luz Botero Fine Art Gallery, Ciudad de Panam\u00e1, Panam\u00e1.<\/p>\n<p>Museo de Arte de El Salvador, San Salvador, El Salvador.<\/p>\n<p>&#8221;Olga Sinclair, una vida con color&#8221;, Ciudad de Panam\u00e1, Panam\u00e1.<\/p>\n<p>\u201cSaltfineart\u201d, Laguna Beach, USA.<\/p>\n<p><strong>2011\u00a0\u00a0\u00a0\u00a0\u00a0<\/strong> The Gabarron Carriage House Center for the Arts, Nueva York, USA.<\/p>\n<p>\u201cDe la tierra al cosmos\u201d, Ciudad de Panam\u00e1, Panam\u00e1.<\/p>\n<p>Pablo Goebel Fine Arts, Club de Industriales, Ciudad de M\u00e9xico, M\u00e9xico.<\/p>\n<p><strong>2010\u00a0\u00a0\u00a0\u00a0\u00a0<\/strong> \u201cSaltfineart\u201d, Laguna Beach, USA.<\/p>\n<p>\u201cSaturation&#8221;, Ciudad de Panam\u00e1, Panam\u00e1.<\/p>\n<p>Palacio de las Naciones Unidas, Ginebra, Siuza.<\/p>\n<p>\u201cMujer, tierra y cosmos \u201c, Ciudad de Panam\u00e1, Panam\u00e1.<\/p>\n<p><strong>2009\u00a0\u00a0\u00a0\u00a0\u00a0<\/strong> Palacio de Miner\u00eda, Ciudad de M\u00e9xico, M\u00e9xico.<\/p>\n<p>&#8220;Matices c\u00f3smicos\u201d, Ciudad de Panam\u00e1, Panam\u00e1.<\/p>\n<p><strong>2007\u00a0\u00a0\u00a0\u00a0\u00a0<\/strong> Galer\u00eda Mateo Sariel, Ciudad de Panam\u00e1, Panam\u00e1.<\/p>\n<p><strong>2004\u00a0\u00a0\u00a0\u00a0\u00a0<\/strong> Centro Cultural del Convenio Andres Bello, Bogot\u00e1, Colombia.<\/p>\n<p>Museo San Pedro Alejandrino, Santa Marta, Colombia.<\/p>\n<p>Galer\u00eda Espacio, San Salvador, El Salvador.<\/p>\n<p><strong>2003\u00a0\u00a0\u00a0\u00a0\u00a0<\/strong> Museo del Canal Interoce\u00e1nico, Ciudad de Panam\u00e1, Panam\u00e1.<\/p>\n<p><strong>2002\u00a0\u00a0\u00a0\u00a0\u00a0<\/strong> Studio d&#8217;Arte Aurelio Stefanini, Florencia, Italia.<\/p>\n<p>\u201cPremier Collezione\u201d,HSBC Bank, Ciudad de Panam\u00e1, Panam\u00e1.<\/p>\n<p><strong>2001\u00a0\u00a0\u00a0\u00a0\u00a0<\/strong> FIA, Yaco Garc\u00eda Arte Latinoamericano, Caracas, Venezuela.<\/p>\n<p><strong>2000\u00a0\u00a0\u00a0\u00a0\u00a0<\/strong> Galer\u00eda Portales, Tegucigalpa, Honduras.<\/p>\n<p><strong>1999\u00a0\u00a0\u00a0\u00a0\u00a0<\/strong> Galer\u00eda Mateo Sariel, Ciudad de Panam\u00e1, Panam\u00e1.<\/p>\n<p>Elite Fine Art, Coral Gables, Miami, USA.<\/p>\n<p><strong>1997\u00a0\u00a0\u00a0\u00a0\u00a0<\/strong> Bernheim Gallery, Ciudad de Panam\u00e1, Panam\u00e1.<\/p>\n<p><strong>1995\u00a0\u00a0\u00a0\u00a0\u00a0<\/strong> Elite Fine Art Gallery, Miami, USA.<\/p>\n<p>Galer\u00eda de Arte Imagen, Ciudad de Panam\u00e1, Panam\u00e1.<\/p>\n<p><strong>1993\u00a0\u00a0\u00a0\u00a0\u00a0<\/strong> Ferrostaal Ag, Essen, Alemania.<\/p>\n<p><strong>1992\u00a0\u00a0\u00a0\u00a0\u00a0<\/strong> Embajada de Espa\u00f1a, Jakarta, Indonesia.<\/p>\n<p><strong>1990\u00a0\u00a0\u00a0\u00a0\u00a0<\/strong> Museo de Arte Contempor\u00e1neo, Ciudad de Panam\u00e1, Panam\u00e1.<\/p>\n<p><strong>1989\u00a0\u00a0\u00a0\u00a0\u00a0<\/strong> Kunsthandel E. den Bieman de Haas, \u00c1msterdam, Holanda.<\/p>\n<p><strong>1987\u00a0\u00a0\u00a0\u00a0\u00a0<\/strong> Banco Nacional de Panam\u00e1, Ciudad de Panam\u00e1, Panam\u00e1.<\/p>\n<p>Galer\u00eda de Arte Unico, La Paz, Bolivia.<\/p>\n<p><strong>1986\u00a0\u00a0\u00a0\u00a0\u00a0<\/strong> Galer\u00eda de la Uni\u00f3n de Bancos Suizos, Ciudad de Panam\u00e1, Panam\u00e1.<\/p>\n<p>Galer\u00eda de Arte Mery Bernal, Hotel Marriot, Ciudad de Panam\u00e1, Panam\u00e1.<\/p>\n<p><strong>1985\u00a0\u00a0\u00a0\u00a0\u00a0<\/strong> Canning House, Londres, Reino Unido.<\/p>\n<p>Instituto de Cooperacion Iberoamericana, Madrid, Espa\u00f1a.<\/p>\n<p><strong>1984\u00a0\u00a0\u00a0\u00a0\u00a0<\/strong> Museo de Arte Contempor\u00e1neo, Ciudad de Panam\u00e1, Panam\u00e1.<\/p>\n<p><strong>1983\u00a0\u00a0\u00a0\u00a0\u00a0<\/strong> Galer\u00eda Arteconsult, Ciudad de Panam\u00e1, Panam\u00e1.<\/p>\n<p><strong>1982\u00a0\u00a0\u00a0\u00a0\u00a0<\/strong> Uni\u00f3n Panamericana OEA, Washington D.C.S, USA.<\/p>\n<p><strong>1981\u00a0\u00a0\u00a0\u00a0\u00a0<\/strong> Galer\u00eda Arte 80, Ciudad de Panam\u00e1, Panam\u00e1.<\/p>\n<p><strong>1980\u00a0\u00a0\u00a0\u00a0\u00a0<\/strong> Embajada de Espa\u00f1a, Ciudad de Panam\u00e1, Panam\u00e1.<\/p>\n<p>Universidad Aut\u00f3noma de Aguas Calientes,Aguas Calientes, M\u00e9xico.<\/p>\n<p>Jard\u00edn de Ni\u00f1os La Paz, Acapulco, M\u00e9xico.<\/p>\n<p><strong>1979\u00a0\u00a0\u00a0\u00a0\u00a0<\/strong> S\u00f3tano de Panarte, Ciudad de Panam\u00e1, Panam\u00e1.<\/p>\n<p><strong>1978\u00a0\u00a0\u00a0\u00a0\u00a0<\/strong> Librer\u00eda Amador Washington, Ciudad de Panam\u00e1, Panam\u00e1.<\/p>\n<p><strong>1975\u00a0\u00a0\u00a0\u00a0\u00a0<\/strong> Galer\u00eda Etc\u00e9tera, Ciudad de Panam\u00e1, Panam\u00e1.<\/p>\n<p>&nbsp;<\/p>\n<h4>COLECCIONES PERMANENTES<\/h4>\n<p>&nbsp;<\/p>\n<p>Museo de Arte Contempor\u00e1neo, Ciudad de Panam\u00e1, Panam\u00e1.<\/p>\n<p>Museo del Canal Interoce\u00e1nico, Ciudad de Panam\u00e1, Panam\u00e1.<\/p>\n<p>Banco Nacional de Panam\u00e1, Ciudad de Panam\u00e1, Panam\u00e1.<\/p>\n<p>Banco del Istmo, Ciudad de Panam\u00e1, Panam\u00e1.<\/p>\n<p>Caja de Ahorros, Ciudad de Panam\u00e1, Panam\u00e1.<\/p>\n<p>Banco General, Ciudad de Panam\u00e1, Panam\u00e1.<\/p>\n<p>Swiss Bank Corporation, Ciudad de Panam\u00e1, Panam\u00e1.<\/p>\n<p>Panabank, Ciudad de Panam\u00e1, Panam\u00e1.<\/p>\n<p>Banco Sur, Ciudad de Panam\u00e1, Panam\u00e1.<\/p>\n<p>Consejo Nacional de Inversiones, Ciudad de Panam\u00e1, Panam\u00e1.<\/p>\n<p>Biblioteca Nacional de Panam\u00e1, Ciudad de Panam\u00e1, Panam\u00e1.<\/p>\n<p>Banco Latinoamericano de Exportaciones, S.A. Bladex, Ciudad de Panam\u00e1, Panam\u00e1.<\/p>\n<p>Museo Fortabat, Buenos Aires, Argentina.<\/p>\n<p>Mural Templo de Mar\u00eda Auxiliadora, La Paz, Bolivia.<\/p>\n<p>Fundaci\u00f3n Quipus, La Paz, Bolivia.<\/p>\n<p>Museo Bolivariano de Arte Contempor\u00e1neo, Santa Marta, Colombia.<\/p>\n<p>Museo de Arte Latino Americano, Washington D.C., USA.<\/p>\n<p>The Gabarron Carriage House Center for the Arts, Nueva York, USA.<\/p>\n<p>Fundaci\u00f3n Juan March, Madrid, Espa\u00f1a.<\/p>\n<p>Instituto de Cooperaci\u00f3n Iberoamericana, Madrid, Espa\u00f1a.<\/p>\n<p>Centro de Arte de la Fundaci\u00f3n Ortiz &#8211; Gurdi\u00e1n, Managua, Nicaragua.<\/p>\n<p>Museo C\u00e1ndido Bid\u00f5, Bonao, Rep\u00fablica Dominicana.<\/p>\n<p>Colecci\u00f3n Berardo, Lisboa, Portugal.<\/p>\n<p>Palacio de las Naciones Unidas, Ginebra, Suiza.<\/p>\n<p>&nbsp;<\/p>\n<p>[\/vc_column_text][\/vc_column][\/vc_row]<\/p>\n","protected":false},"excerpt":{"rendered":"<p>[vc_row][vc_column][vc_custom_heading source=&#8221;post_title&#8221; use_theme_fonts=&#8221;yes&#8221;][vc_empty_space height=&#8221;20&#8243;][\/vc_column][\/vc_row][vc_row][vc_column][rev_slider_vc alias=&#8221;sinclair-olga&#8221;][\/vc_column][\/vc_row][vc_row][vc_column][vc_empty_space height=&#8221;20&#8243;][vc_custom_heading source=&#8221;post_title&#8221; use_theme_fonts=&#8221;yes&#8221;][vc_separator][\/vc_column][\/vc_row][vc_row][vc_column][vc_column_text] Olga Sinclair, Ciudad de Panam\u00e1, Panam\u00e1, 1957. &nbsp; EXPOSICIONES SELECCIONADAS \u00a0 2013\u00a0\u00a0\u00a0\u00a0\u00a0 I Bienal del Sur,Luz Botero Fine Art Gallery, Ciudad de Panam\u00e1, Panam\u00e1. 2012\u00a0\u00a0\u00a0\u00a0\u00a0 \u201cSamsung\u201d, Luz Botero Fine Art Gallery, Ciudad de Panam\u00e1, Panam\u00e1. \u201cArt Trump\u201d, Luz Botero Fine Art Gallery, Ciudad de Panam\u00e1, Panam\u00e1. Museo&hellip;<\/p>\n","protected":false},"author":1,"featured_media":536,"parent":117,"menu_order":0,"comment_status":"closed","ping_status":"closed","template":"","meta":{"inline_featured_image":false},"tags":[5],"acf":[],"_links":{"self":[{"href":"https:\/\/luzboterofineart.com\/en\/wp-json\/wp\/v2\/pages\/616"}],"collection":[{"href":"https:\/\/luzboterofineart.com\/en\/wp-json\/wp\/v2\/pages"}],"about":[{"href":"https:\/\/luzboterofineart.com\/en\/wp-json\/wp\/v2\/types\/page"}],"author":[{"embeddable":true,"href":"https:\/\/luzboterofineart.com\/en\/wp-json\/wp\/v2\/users\/1"}],"replies":[{"embeddable":true,"href":"https:\/\/luzboterofineart.com\/en\/wp-json\/wp\/v2\/comments?post=616"}],"version-history":[{"count":6,"href":"https:\/\/luzboterofineart.com\/en\/wp-json\/wp\/v2\/pages\/616\/revisions"}],"predecessor-version":[{"id":622,"href":"https:\/\/luzboterofineart.com\/en\/wp-json\/wp\/v2\/pages\/616\/revisions\/622"}],"up":[{"embeddable":true,"href":"https:\/\/luzboterofineart.com\/en\/wp-json\/wp\/v2\/pages\/117"}],"wp:featuredmedia":[{"embeddable":true,"href":"https:\/\/luzboterofineart.com\/en\/wp-json\/wp\/v2\/media\/536"}],"wp:attachment":[{"href":"https:\/\/luzboterofineart.com\/en\/wp-json\/wp\/v2\/media?parent=616"}],"wp:term":[{"taxonomy":"post_tag","embeddable":true,"href":"https:\/\/luzboterofineart.com\/en\/wp-json\/wp\/v2\/tags?post=616"}],"curies":[{"name":"wp","href":"https:\/\/api.w.org\/{rel}","templated":true}]}}