{"id":480,"date":"2016-11-14T23:59:39","date_gmt":"2016-11-14T23:59:39","guid":{"rendered":"http:\/\/luzboterofineart.com\/?page_id=480"},"modified":"2017-12-04T22:35:39","modified_gmt":"2017-12-04T22:35:39","slug":"rayo-omar","status":"publish","type":"page","link":"https:\/\/luzboterofineart.com\/en\/artistas-2\/rayo-omar\/","title":{"rendered":"RAYO Omar"},"content":{"rendered":"<p>[vc_row][vc_column][vc_custom_heading source=&#8221;post_title&#8221; use_theme_fonts=&#8221;yes&#8221;][vc_empty_space height=&#8221;20&#8243;][\/vc_column][\/vc_row][vc_row][vc_column][rev_slider_vc alias=&#8221;rayo-omar&#8221;][vc_empty_space height=&#8221;20&#8243;][\/vc_column][\/vc_row][vc_row][vc_column][vc_custom_heading source=&#8221;post_title&#8221; use_theme_fonts=&#8221;yes&#8221;][vc_separator][\/vc_column][\/vc_row][vc_row][vc_column][vc_column_text]<\/p>\n<h4>Omar Rayo, Roldanillo, Colombia, 1928-2010.<\/h4>\n<p><strong>\u00a0<\/strong><\/p>\n<h4>SOLO EXHIBITIONS<\/h4>\n<p><strong>\u00a0<\/strong><\/p>\n<p><strong>1974<\/strong>\u00a0\u00a0 Museum of Modern Art, Bogota, Colombia.<\/p>\n<p>Multipla Gallery, Brasilia, Brazil.<\/p>\n<p>Mecondo Gallery, Guatemala, Guatemala.<\/p>\n<p>Colibr\u00ed Gallery, San Juan, Puerto Rico.<\/p>\n<p>Arte Contacto Gallery, Caracas, Venezuela.<\/p>\n<p>Ipanema Gallery, Rio de Janeiro, Brazil.<\/p>\n<p><strong>1973<\/strong>\u00a0\u00a0 Pecanins Gallery, Mexico City, Mexico.<\/p>\n<p>Museum of Modern Art, Sao Paulo, Brazil.<\/p>\n<p>Museum of Modern Art, Mexico City, Mexico.<\/p>\n<p>Pecanins Gallery, Barcelona, Spain.<\/p>\n<p>Modern Art Center, Guadalajara, Mexico.<\/p>\n<p>Ipanema Art Gallery, Sao Paulo, Brazil.<\/p>\n<p>Art Gallery, Executives Club, Cali, Colombia.<\/p>\n<p>Special Hall 21<sup>st<\/sup> Biennial of Sao Paulo, Sao Paulo, Brazil.<\/p>\n<p>Gallery of the University of Veracruz, Xalapa, Mexico.<\/p>\n<p><strong>1972<\/strong>\u00a0\u00a0 La Tertulia Museum, Cali, Colombia.<\/p>\n<p>Museum of Modern Art, Rio de Janeiro, Brazil.<\/p>\n<p>Museum of the University of Puerto Rico, San Juan, Puerto Rico.<\/p>\n<p>Group 81Gallery, Rio de Janeiro, Brazil.<\/p>\n<p><strong>1971<\/strong>\u00a0\u00a0 \u201c<em>Retrospectiva 1960-1971<\/em>\u201d, Museum of Modern Art, Bogota, Colombia.<\/p>\n<p>\u201c<em>Intaglios er\u00f3ticos<\/em>\u201d, Buchholz Gallery, Bogot\u00e1, Colombia.<\/p>\n<p><em>\u201cRetrospectiva<\/em>\u201d, Track Gallery, Caracas, Venezuela.<\/p>\n<p><strong>1970<\/strong>\u00a0\u00a0 Casa del Arte, San Juan, Puerto Rico.<\/p>\n<p>Colibr\u00ed Gallery, San Juan, Puerto Rico.<\/p>\n<p>Lunn Gallery, Washington DC, USA.<\/p>\n<p>Pecanins Gallery, Mexico City, Mexico.<\/p>\n<p>Michael Berger Gallery, Pittsburgh, USA.<\/p>\n<p>Jac Mizrachi Gallery, New York, USA.<\/p>\n<p>Van Straaten Gallery, Chicago, USA.<\/p>\n<p><strong>1969<\/strong>\u00a0\u00a0 El Retablo Gallery, Cali, Colombia.<\/p>\n<p>Buchholz Gallery, Bogot\u00e1, Colombia.<\/p>\n<p>Lahumi\u00e8re Gallery, Paris, France.<\/p>\n<p>Richard Feigen Graphics, New York, USA.<\/p>\n<p><strong>1968<\/strong>\u00a0\u00a0 AAA Gallery, New York, USA.<\/p>\n<p>Virginia Union University, Virginia, USA.<\/p>\n<p>Colibr\u00ed Gallery, San Juan, Puerto Rico.<\/p>\n<p>La Casa del Arte, San Juan, Puerto Rico.<\/p>\n<p>The Philadelphia Art Alliance, Philadelphia, USA.<\/p>\n<p>XX2 Gallery, Caracas, Venezuela.<\/p>\n<p>Panamanian Institute of Art, Panama City, Panama.<\/p>\n<p>University of Zulia, Maracaibo, Venezuela.<\/p>\n<p>University Maine, Maine, USA.<\/p>\n<p><strong>1967<\/strong>\u00a0\u00a0 Museum of Art, University of Oklahoma, Norman, USA.<\/p>\n<p>Museum of Modern Art, Bogota, Colombia.<\/p>\n<p>Avenida 19 Gallery, Colombo-American Center, Bogota, Colombia.<\/p>\n<p><strong>1966<\/strong>\u00a0\u00a0 Colseguros Gallery, Bogot\u00e1, Colombia.<\/p>\n<p>La Tertulia Museum, Cali, Colombia.<\/p>\n<p>Luis Angel Arango Library, Bogot\u00e1, Colombia.<\/p>\n<p>Philadelphia Club, Philadelphia, USA.<\/p>\n<p><strong>1965<\/strong>\u00a0\u00a0 Devorah Shermen Gallery, Chicago, USA.<\/p>\n<p>Flair House Gallery, Cincinnati, USA.<\/p>\n<p>The Contemporaries Gallery, New York, USA.<\/p>\n<p>AAA Gallery, New York, USA.<\/p>\n<p>Rubbers Gallery, Buenos Aires, Argentina.<\/p>\n<p><strong>1964<\/strong>\u00a0\u00a0 \u201cThe Artist as Print-maker\u201d, Pan American Union, Washington DC, USA.<\/p>\n<p><strong>1963<\/strong>\u00a0\u00a0 Gregorio V\u00e1squez Hall, Bogot\u00e1, Colombia.<\/p>\n<p><strong>1962<\/strong>\u00a0\u00a0 Juan Martin Gallery, Mexico City, Mexico.<\/p>\n<p><strong>1961<\/strong>\u00a0\u00a0 The Contemporaries Gallery, New York, USA.<\/p>\n<p><strong>1960<\/strong>\u00a0\u00a0 Friends of the Country Economic Society, Bogota, Colombia.<\/p>\n<p>Museum of Modern Art, Palace of Fine Arts, Mexico City, Mexico.<\/p>\n<p>Genoa Gallery, Mexico City, Mexico.<\/p>\n<p>Arte Gallery, Monterrey, Mexico.<\/p>\n<p><strong>1959<\/strong>\u00a0\u00a0 Genoa Gallery and Excelsior Gallery, Mexico City, Mexico.<\/p>\n<p><strong>\u00a0<\/strong><\/p>\n<h4>COLLECTIVE EXHIBITIONS<\/h4>\n<p>&nbsp;<\/p>\n<p><strong>1978<\/strong>\u00a0\u00a0 Fra Angelico Gallery, Bogota, Colombia.<\/p>\n<p>\u201c<em>Exposici\u00f3n de artistas colombianos<\/em>\u201d, De Armas Gallery, Miami, USA.<\/p>\n<p>\u201c<em>Geometr\u00eda sensible<\/em>\u201d, Museum of Modern Art, Rio de Janeiro, Brazil.<\/p>\n<p>\u201c<em>El dibujo, la expresi\u00f3n del arte gr\u00e1fico actual<\/em>\u201d, Buchholz Gallery, Bogota, Colombia.<\/p>\n<p><strong>1977<\/strong>\u00a0\u00a0 \u201c<em>Obra extraviada<\/em>\u201d, La Galerie, Bogota, Colombia.<\/p>\n<p>\u201c<em>La pl\u00e1stica colombiana del siglo XX<\/em>\u201d, Casa de las Americas, Havana, Cuba.<\/p>\n<p>\u201c<em>Panorama art\u00edstico colombiano<\/em>\u201d, El Callej\u00f3n, Bogota, Colombia.<\/p>\n<p>\u201c<em>90 a\u00f1os de El Espectador<\/em>\u201d, Arte Independencia Gallery, Bogota, Colombia.<\/p>\n<p>\u201c<em>La mujer en el arte<\/em>\u201d, Buchholz Gallery, Bogota, Colombia.<\/p>\n<p>\u201c<em>Pintura para la m\u00fasica<\/em>\u201d, The Art of Music Foundation, Bogota, Colombia.<\/p>\n<p>\u201c<em>21 estilos de flores<\/em>\u201d, La Gruta Gallery, Bogota, Colombia.<\/p>\n<p>\u201c<em>Nacionales y extranjeros<\/em>\u201d, La Galerie, Bogota, Colombia.<\/p>\n<p><strong>1976<\/strong>\u00a0\u00a0 Center for lnternational Arts, San Diego Gallery, New York, USA.<\/p>\n<p>Chamber of Commerce of Bucaramanga, Bucaramanga, Colombia.<\/p>\n<p>\u201c<em>Pintura colombiana actual<\/em>\u201d, National University Art Museum, Bogota, Colombia.<\/p>\n<p><strong>1975<\/strong>\u00a0\u00a0 Meindl Gallery, Bogota, Colombia.<\/p>\n<p><strong>1973<\/strong>\u00a0\u00a0 \u201c<em>Grabadores y dibujantes de Colombia<\/em>\u201d, Luis Angel Arango Library, Bogota, Colombia.<\/p>\n<p>Anniversary of the OAS, Luis Angel Arango Library, Bogota, Colombia.<\/p>\n<p>Luis Angel Arango Library, Panamanian Institute of Art, Panama City, Panama.<\/p>\n<p>American Biennial of Graphic Arts, Cali, Colombia.<\/p>\n<p><strong>1972<\/strong>\u00a0\u00a0 Coltejer Art Biennial, Medellin, Colombia.<\/p>\n<p>Jorge Tadeo Lozano University National Salon, Bogota, Colombia.<\/p>\n<p>Internationale Kunstverein, Frechen, Germany.<\/p>\n<p><strong>1971<\/strong>\u00a0\u00a0\u00a0 Sao Paulo Biennial, Sao Paulo, Brazil.<\/p>\n<p>&#8220;<em>Colombia 71<\/em>&#8220;, Museum of Modern Art, Bogota, Colombia.<\/p>\n<p>\u201c<em>10 a\u00f1os de arte colombiano<\/em>\u201d, La Tertulia Museum, Cali, Colombia.<\/p>\n<p>Colombian Artists Salon, National Museum, Bogota, Colombia.<\/p>\n<p>\u201cTwelve Artists from Latin America\u201d, Ringling Museum of Art, Sarasota, USA.<\/p>\n<p>\u201cHawaii National Print Exhibition\u201d, Honolulu Academy of Arts, Honolulu, Hawaii.<\/p>\n<p>\u201c<em>Le Dessin D\u2019humour du XV Siecle \u00e1 nos Jours<\/em>\u201d, Biblioth\u00e9que Nat\u00edonale, Paris, France.<\/p>\n<p>\u201cNational Prints\u201d, Library of Congress, Washington DC, USA.<\/p>\n<p>Dulin National Print and Drawings Competition, Kingston, USA.<\/p>\n<p>\u201cThe Print Club\u201d, Philadelphia, USA.<\/p>\n<p>American Biennial of Graphic Arts, La Tertulia Museum, Colombia.<\/p>\n<p><strong>1970<\/strong>\u00a0\u00a0 International Biennial of Gravure, Krakow, Poland.<\/p>\n<p>First Latin American Engraving Biennial, San Juan, Puerto Rico.<\/p>\n<p>\u201cLatin American Paintings and Drawings from the Collection of John and Barbara Duncan\u201d, Center for Inter-American Relations, New York, USA.<\/p>\n<p>Expo 70, Osaka, Japan.<\/p>\n<p>\u201cLatin American Prints\u201d, Zegri Gallery, New York, USA.<\/p>\n<p>Coltejer Art Biennial, Medellin, Colombia.<\/p>\n<p>National Prints Exhibition, State University College, New York, USA.<\/p>\n<p>\u201cThe World is Image\u201d, The Jewish Museum, New York, USA.<\/p>\n<p>\u201cContemporary Latin American Graphic Artists\u201d, Libra Gallery, New York, USA.<\/p>\n<p>\u201c<em>Pintura contempor\u00e1nea de los pa\u00edses del \u00e1rea andina<\/em>\u201d, Lima, Peru.<\/p>\n<p>\u201c<em>Gr\u00e1fica latinoamericana<\/em>\u201d, Pecanins Gallery, Mexico City, Mexico.<\/p>\n<p>Colombian Artists Salon, Bogota, Colombia<\/p>\n<p>Art Festival, Cali, Colombia.<\/p>\n<p><strong>1969<\/strong>\u00a0\u00a0 International Print Show, Michigan University, Ypsilanti, USA.<\/p>\n<p>Print Competition, Palomar College, San Marcos, USA.<\/p>\n<p>Colombian Artists salon, Bogota, Colombia.<\/p>\n<p>\u201c<em>Xylon V<\/em>\u201d, Mus\u00e9e d&#8217;Art et d&#8217;Histoire, Geneva, Switzerland.<\/p>\n<p>\u201c<em>Cinq Cents Gravures Contemporaines<\/em>\u201d, Bibiloth\u00e9que Nationale, Paris, France.<\/p>\n<p>National Prints Exhibition, Library of Congress, Washington DC, USA.<\/p>\n<p>\u201c5 Colombian Artists\u201d, Pan American Society of New England, Boston, USA.<\/p>\n<p>National Invitation Print Show, San Diego, USA.<\/p>\n<p>Annual Latin American Print Show, Zegri Gallery, New York, USA.<\/p>\n<p>\u201cPrints and Posters from the USA\u201d, US Cultural Center, Jerusalem, Israel.<\/p>\n<p>\u201c<em>El grabado internacional<\/em>\u201d, Mexico City, Mexico.<\/p>\n<p>National Invitation Printmaking Exhibition, University of Wisconsin, Green Bay, USA.<\/p>\n<p>Art Festival, Cali, Colombia.<\/p>\n<p>National Invitation Print Show, Long Beach Art Gallery, Long Beach, USA.<\/p>\n<p>\u201cBirds and Beasts\u201d, Graham Gallery, New York, USA.<\/p>\n<p>\u201cAmerican Contemporary Prints: One\u201d, London, UK.<\/p>\n<p><strong>1968<\/strong>\u00a0\u00a0 \u201cGraphics 1968, Recent American Prints\u201d, University of Kentucky Art Gallery, Lexington, USA.<\/p>\n<p>National Print Exhibition, The State University College, Potsdam, USA.<\/p>\n<p>\u201cViolence in Recent American Art\u201d, Museum of Contemporary Art, Chicago, USA.<\/p>\n<p>Biennial lnternazionale dell&#8217;lncisione, Pescia, Italy.<\/p>\n<p>First Biennial of Quito, Quito, Ecuador.<\/p>\n<p>National Art Festival, Cali, Colombia.<\/p>\n<p>First Ibero-American Painting Biennial, Medellin, Colombia.<\/p>\n<p>American Print Biennial, Santiago de Chile, Chile.<\/p>\n<p>\u201cManhattan Observed\u201d, Museum of Modern Art, New York, USA.<\/p>\n<p>\u201cArt in Editions, New Approaches\u201d, New York University, New York, USA.<\/p>\n<p>National Print Exhibition, The Print Club, Philadelphia, USA.<\/p>\n<p>Print and Drawing Competition, The Duling Gallery of Art, Knoxville, USA.<\/p>\n<p>National Print Exhibition, The Brooklyn Museum, New York, USA.<\/p>\n<p>Annual Print and Drawings Exhibition, The National Arts Club, New York, USA.<\/p>\n<p>International Print Exhibition, The Manchester Institute of Arts and Sciences, Manchester, UK.<\/p>\n<p><strong>1967<\/strong>\u00a0\u00a0 \u201cBlack and White&#8221;, The Print Club, Philadelphia, USA.<\/p>\n<p>\u201cLondon, New York, Hollywood: A New Look in the Prints\u201d, Institute of Contemporary Arts, Boston, USA.<\/p>\n<p>&#8220;Graphics&#8221;, Devorah Sherman Gallery, Chicago, USA.<\/p>\n<p>\u201c<em>The Gravure d&#8217;Amerique Latine<\/em>\u201d, La Tour Gallery, Geneva, Switzerland.<\/p>\n<p>&#8220;1, 2, 3 Infinity&#8221;, The Contemporaries, New York, USA.<\/p>\n<p>&#8220;Latin American Exhibition&#8221;, The Stanford Museum and Nature Center, Stanford, USA.<\/p>\n<p>&#8220;The Graphic Arts&#8221;, Ljubljana, Yugoslavia.<\/p>\n<p>International Biennial of Original Colored Graphics, Grenchen Art Society, Bern, Switzerland.<\/p>\n<p>National Print and Drawing Competition, The Duling Gallery of Art, Knoxville, USA.<\/p>\n<p>National Print Exhibition, The State University College, Posdam, USA.<\/p>\n<p>\u201c<em>Homenaje a Rub\u00e9n Dar\u00edo<\/em>\u201d, University of Puerto Rico, Mayaguez, Puerto Rico.<\/p>\n<p><strong>1966<\/strong>\u00a0\u00a0 \u201c<em>Hommage \u00e1 Caissa<\/em>\u201d, Cordier and Ekstrom Gallery, New York, USA.<\/p>\n<p>&#8220;Five Centuries of Graphic Art&#8221;, The Museum of Graphic Art, New York, USA.<\/p>\n<p>National Print Exhibition, The Brooklyn Museum, New York, USA.<\/p>\n<p>National Prints Exhibition, Library of Congress, Washington DC, USA.<\/p>\n<p>&#8220;New Names in Latin American Art&#8221;, Smithsonian Traveling Service, Washington DC, USA.<\/p>\n<p>&#8220;America Today: 25 Painters as Printmakers&#8221;, MOMA, New York, USA.<\/p>\n<p>&#8220;London, New York, Hollywood: A New Look in Prints&#8221;, MOMA, New York, USA.<\/p>\n<p>Annual Exhibition of Contemporary Sculpture and Prints, Whitney Museum, New York, USA.<\/p>\n<p>&#8220;Currents Trends in American Art: Pop, Op, Top&#8221;, The Westmoreland County Museum of Art, Greensburg, USA.<\/p>\n<p>Colombian Artists Salon, National Museum, Bogota, Colombia.<\/p>\n<p><strong>1965<\/strong>\u00a0\u00a0 Pan American Painting Salon, Cali, Colombia.<\/p>\n<p>American Print Biennial, Santiago de Chile, Chile.<\/p>\n<p>Museum of Contemporary Art, Nagaoka, Japan.<\/p>\n<p>&#8220;Black and White&#8221;, The Contemporaries Gallery, New York, USA.<\/p>\n<p>Colombian Artists Salon, National Museum, Bogota, Colombia.<\/p>\n<p>&#8220;White on White&#8221;, Coedoba Museum, Lincoln, USA.<\/p>\n<p><strong>1964<\/strong>\u00a0\u00a0 National Print Exhibition, The Brooklyn Museum, New York, USA.<\/p>\n<p>&#8220;Selections of Latin American Art&#8221;, New York, USA.<\/p>\n<p>&#8220;Black and White&#8221;, The Print Club, Philadelphia, USA.<\/p>\n<p>&#8220;The Latin Americas&#8221;, The Institute of Porary Arts, Washington DC, USA.<\/p>\n<p>&#8220;Artists&#8221;, MOMA, New York, USA.<\/p>\n<p>International Biennial Exhibition of Prints, Tokyo, Japan.<\/p>\n<p>&#8220;Modern Masters of Intaglio&#8221;, Queens College, New York, USA.<\/p>\n<p>&#8220;Magnet: New York&#8221;, Bonino Gallery, New York, USA.<\/p>\n<p>&#8220;White on White&#8221;, The Contemporaries Gallery, New York, USA.<\/p>\n<p>Art Festival, Cali, Colombia.<\/p>\n<p>National Museum, Bogota, Colombia.<\/p>\n<p>&#8220;Contemporary Painters and Sculptors as Printmakers&#8221;, MOMA, New York, USA.<\/p>\n<p>&#8220;The Plate, the Block, the Stone and the Print&#8221;, AAA Gallery, New York, USA.<\/p>\n<p><strong>1963<\/strong>\u00a0\u00a0 Miami Museum of Modern Art, Miami, USA.<\/p>\n<p>Suramericana Gallery, New York, USA.<\/p>\n<p>Library of Congress, Washington DC, USA.<\/p>\n<p>Cali Festival, Arte Estudio Gallery, Cali, Colombia.<\/p>\n<p>Art of America and Spain, Madrid, Spain.<\/p>\n<p>\u201c<em>Siglo XX y la pintura en Colombia<\/em>\u201d, National Museum, Bogota, Colombia.<\/p>\n<p>Sao Paulo Biennial, Sao Paulo, Brazil.<\/p>\n<p>&#8220;New Experiments in Art&#8221;, Cordova Museum, Lincoln, USA.<\/p>\n<p><strong>1962<\/strong>\u00a0\u00a0 The Contemporaries Gallery, New York, USA.<\/p>\n<p>&#8220;The Print Club&#8221;, Philadelphia, USA.<\/p>\n<p>National Print Exhibition, The Brooklyn Museum, New York, USA.<\/p>\n<p>Annual Exhibition, Museum of Fine Art, Boston, USA.<\/p>\n<p><strong>1961<\/strong>\u00a0\u00a0 Pan American Union, Washington DC, USA.<\/p>\n<p>Baltimore Museum, Baltimore, USA.<\/p>\n<p>Wiggin Gallery, Boston, USA.<\/p>\n<p><strong>1960<\/strong>\u00a0\u00a0 Inter-American Salon of Barranquilla, Barranquilla, Colombia.<\/p>\n<p>Inter-American Biennial of Mexico, Mexico City, Mexico.<\/p>\n<p><strong>1959<\/strong>\u00a0\u00a0 Inter-American Salon of Barranquilla, Barranquilla, Colombia.<\/p>\n<p>Colombian Artists Salon, Bogota, Colombia.<\/p>\n<p>Mexican Painting Salon, Mexico City, Mexico.<\/p>\n<p><strong>1958<\/strong>\u00a0\u00a0 La Tertulia Museum, Cali, Colombia.<\/p>\n<p>Manizales Fair, Manizales, Colombia.<\/p>\n<p>Jos\u00e9 Eusebio Caro Hall, National Library, Bogota, Colombia.<\/p>\n<p>Cundinamarca Salon, Bogota, Colombia.<\/p>\n<p>Colombian Artists Salon, Bogota, Colombia.<\/p>\n<p>Museum of Zea, Medell\u00edn, Colombia.<\/p>\n<p><strong>1957<\/strong>\u00a0\u00a0 Salon of the Municipality, Buenos Aires, Argentina.<\/p>\n<p>Van Riel Gallery, Buenos Aires, Argentina.<\/p>\n<p>Sol de Bronce Galleries, Santiago de Chile, Chile.<\/p>\n<p>Ministry of Education, Santiago de Chile, Chile.<\/p>\n<p><strong>1956<\/strong>\u00a0\u00a0 Asociaci\u00f3n Brasileira de lmprensa, Rio de Janeiro, Brazil.<\/p>\n<p>Brazilian Artists Salon, Rio de Janeiro, Brazil.<\/p>\n<p>Petite Galerie de Copacabana, Rio de Janeiro, Brazil.<\/p>\n<p>Arte Bella Gallery, Montevideo, Uruguay.<\/p>\n<p><strong>1955<\/strong>\u00a0\u00a0 Writers and Artists Association, Lima, Peru.<\/p>\n<p>University of San Agustin, Arequipa, Peru.<\/p>\n<p>Latin American Artists Salon, Lima, Peru.<\/p>\n<p>University of La Paz, La Paz, Bolivia.<\/p>\n<p>Museum of Modern Art, Sao Paulo, Brazil.<\/p>\n<p><strong>1954<\/strong>\u00a0\u00a0 Alferez Real Hotel, Cali, Colombia.<\/p>\n<p>Ecuadorian Cultural Center, Quito, Ecuador.<\/p>\n<p><strong>1953<\/strong>\u00a0\u00a0 Colombian Cartoonists Salon, Bogota, Colombia.<\/p>\n<p><strong>1952<\/strong>\u00a0\u00a0 New School for Social Research, New York, USA.<\/p>\n<p>National Library, Bogota, Colombia.<\/p>\n<p>Colombian Artists Salon, Bogota, Colombia.<\/p>\n<p><strong>1950<\/strong>\u00a0\u00a0 National Library, Bogota, Colombia.<\/p>\n<p>Colombian Artists Salon, Bogota, Colombia.<\/p>\n<p><strong>1949<\/strong>\u00a0\u00a0 Museum of Zea, Medellin, Colombia.<\/p>\n<p>Departmental Assembly, Manizales, Colombia.<\/p>\n<p><strong>1948<\/strong>\u00a0\u00a0 Colombian Society of Engineers, Bogota, Colombia.<\/p>\n<p>Pan American Conference, Bogota, Colombia.<\/p>\n<p><strong>1946<\/strong>\u00a0\u00a0 Roldanillo Tropical Club, Roldanillo, Colombia.<\/p>\n<p><strong>1945<\/strong>\u00a0\u00a0 Belisario Pe\u00f1a de Roldanillo College, Roldanillo, Colombia.<\/p>\n<p><strong>\u00a0<\/strong><\/p>\n<h4>COLLECTIONS<\/h4>\n<p><strong>\u00a0<\/strong><\/p>\n<p>National Museum, Bogota, Colombia.<\/p>\n<p>Luis Angel Arango Library, Bogota, Colombia.<\/p>\n<p>Museum of Modern Art, Bogota, Colombia.<\/p>\n<p>Banco Cafetero, Bogota, Colombia.<\/p>\n<p>Museum of Zea, Medell\u00edn, Colombia.<\/p>\n<p>La Tertulia Museum, Cali, Colombia.<\/p>\n<p>New York Public Library, New York, USA.<\/p>\n<p>Print Room, New York, USA.<\/p>\n<p>Museum of Modern Art, New York, USA.<\/p>\n<p>The Chase Manhattan Bank, New York, USA.<\/p>\n<p>The Brooklyn Museum, New York, USA.<\/p>\n<p>Metropolitan Museum, New York, USA.<\/p>\n<p>Art Institute of Chicago, Chicago, USA.<\/p>\n<p>Philadelphia Museum of Art, Philadelphia, USA.<\/p>\n<p>Baltimore Museum of Art, Baltimore, USA.<\/p>\n<p>Miami Museum of Modern Art, Miami, USA.<\/p>\n<p>Boston Public Library, Boston, USA.<\/p>\n<p>Library of Congress, Washington DC, USA.<\/p>\n<p>Smithsonian Institute, Washington DC, USA.<\/p>\n<p>University of South Florida, Tampa, USA.<\/p>\n<p>Ringling Museum of Art, Sarasota, USA.<\/p>\n<p>Munson Williams Proctor Institute, Utica, USA.<\/p>\n<p>Rosenwald Collection, Jenkintown, USA.<\/p>\n<p>Achenback Foundation for Graphic Arts, San Francisco, USA.<\/p>\n<p>University of Illinois, Urbana, USA.<\/p>\n<p>Deering Millken Collection, South Carolina, USA.<\/p>\n<p>The Museum of Contemporary Art, Nagaoka, Japan.<\/p>\n<p>National Museum of Modern Art, Tokyo, Japan.<\/p>\n<p>Museum of Modern Art, Mexico City, Mexico.<\/p>\n<p>Museum of Modern Art, Quito, Ecuador.<\/p>\n<p>Museum of Fine Arts, Caracas, Venezuela.<\/p>\n<p>Panamanian Institute of Art, Panama City, Panama.<\/p>\n<p>Museum of Modern Art, Munich, Germany.<\/p>\n<p>Bibliotheque Nationale, Paris, France.<\/p>\n<p><span style=\"color: #ffffff;\">.<\/span>[\/vc_column_text][\/vc_column][\/vc_row]<\/p>","protected":false},"excerpt":{"rendered":"<p>[vc_row][vc_column][vc_custom_heading source=&#8221;post_title&#8221; use_theme_fonts=&#8221;yes&#8221;][vc_empty_space height=&#8221;20&#8243;][\/vc_column][\/vc_row][vc_row][vc_column][rev_slider_vc alias=&#8221;rayo-omar&#8221;][vc_empty_space height=&#8221;20&#8243;][\/vc_column][\/vc_row][vc_row][vc_column][vc_custom_heading source=&#8221;post_title&#8221; use_theme_fonts=&#8221;yes&#8221;][vc_separator][\/vc_column][\/vc_row][vc_row][vc_column][vc_column_text] Omar Rayo, Roldanillo, Colombia, 1928-2010. \u00a0 SOLO EXHIBITIONS \u00a0 1974\u00a0\u00a0 Museum of Modern Art, Bogota, Colombia. Multipla Gallery, Brasilia, Brazil. Mecondo Gallery, Guatemala, Guatemala. Colibr\u00ed Gallery, San Juan, Puerto Rico. Arte Contacto Gallery, Caracas, Venezuela. Ipanema Gallery, Rio de Janeiro, Brazil. 1973\u00a0\u00a0 Pecanins Gallery, Mexico City, Mexico.&hellip;<\/p>\n","protected":false},"author":1,"featured_media":458,"parent":117,"menu_order":0,"comment_status":"closed","ping_status":"closed","template":"","meta":{"inline_featured_image":false},"tags":[5],"acf":[],"_links":{"self":[{"href":"https:\/\/luzboterofineart.com\/en\/wp-json\/wp\/v2\/pages\/480"}],"collection":[{"href":"https:\/\/luzboterofineart.com\/en\/wp-json\/wp\/v2\/pages"}],"about":[{"href":"https:\/\/luzboterofineart.com\/en\/wp-json\/wp\/v2\/types\/page"}],"author":[{"embeddable":true,"href":"https:\/\/luzboterofineart.com\/en\/wp-json\/wp\/v2\/users\/1"}],"replies":[{"embeddable":true,"href":"https:\/\/luzboterofineart.com\/en\/wp-json\/wp\/v2\/comments?post=480"}],"version-history":[{"count":3,"href":"https:\/\/luzboterofineart.com\/en\/wp-json\/wp\/v2\/pages\/480\/revisions"}],"predecessor-version":[{"id":1341,"href":"https:\/\/luzboterofineart.com\/en\/wp-json\/wp\/v2\/pages\/480\/revisions\/1341"}],"up":[{"embeddable":true,"href":"https:\/\/luzboterofineart.com\/en\/wp-json\/wp\/v2\/pages\/117"}],"wp:featuredmedia":[{"embeddable":true,"href":"https:\/\/luzboterofineart.com\/en\/wp-json\/wp\/v2\/media\/458"}],"wp:attachment":[{"href":"https:\/\/luzboterofineart.com\/en\/wp-json\/wp\/v2\/media?parent=480"}],"wp:term":[{"taxonomy":"post_tag","embeddable":true,"href":"https:\/\/luzboterofineart.com\/en\/wp-json\/wp\/v2\/tags?post=480"}],"curies":[{"name":"wp","href":"https:\/\/api.w.org\/{rel}","templated":true}]}}