{"id":470,"date":"2016-11-14T22:08:56","date_gmt":"2016-11-14T22:08:56","guid":{"rendered":"http:\/\/luzboterofineart.com\/?page_id=470"},"modified":"2017-12-04T21:25:55","modified_gmt":"2017-12-04T21:25:55","slug":"lopez-kdir","status":"publish","type":"page","link":"https:\/\/luzboterofineart.com\/en\/artistas-2\/lopez-kdir\/","title":{"rendered":"LOPEZ Kdir"},"content":{"rendered":"<p>[vc_row][vc_column][vc_custom_heading source=&#8221;post_title&#8221; use_theme_fonts=&#8221;yes&#8221;][vc_empty_space height=&#8221;20&#8243;][\/vc_column][\/vc_row][vc_row][vc_column][rev_slider_vc alias=&#8221;lopez-kdir&#8221;][vc_empty_space height=&#8221;20&#8243;][\/vc_column][\/vc_row][vc_row][vc_column][vc_custom_heading source=&#8221;post_title&#8221; use_theme_fonts=&#8221;yes&#8221;][vc_separator][\/vc_column][\/vc_row][vc_row][vc_column][vc_column_text]<\/p>\n<h4>Kadir Lopez Nieves, Las Tunas, Cuba, 1972.<\/h4>\n<p><strong>\u00a0<\/strong><\/p>\n<h4>SOLO EXHIBITIONS<\/h4>\n<p>&nbsp;<\/p>\n<p><strong>2015<\/strong>\u00a0\u00a0 &#8220;Havana Lights&#8221;, Acacia Gallery, Havana, Cuba.<\/p>\n<p>&#8220;Havana Lights&#8221;, collateral show of the Havana Biennial, Havana, Cuba.<\/p>\n<p><strong>2014<\/strong>\u00a0\u00a0 \u201c<em>Nubes<\/em>\u201d, Raul Martinez Gallery, Havana, Cuba.<\/p>\n<p><strong>2013<\/strong>\u00a0\u00a0 &#8220;The Conflux of Eternities: Historical Discourse in the work of Kadir Lopez&#8221;, Miami, USA.<\/p>\n<p><strong>2012<\/strong>\u00a0\u00a0 &#8220;More than Ninety Milles&#8221;, National Gallery, Washington DC, USA.<\/p>\n<p>\u201c<em>Nubes<\/em>\u201d, Havana Biennial, Havana, Cuba.<\/p>\n<p>Collateral show of the Havana Biennial, Genesis Miramar Gallery, Havana, Cuba.<\/p>\n<p>&#8220;<em>Krteles<\/em>&#8220;, La Acacia Gallery, Havana, Cuba.<\/p>\n<p><strong>2010<\/strong>\u00a0\u00a0 &#8220;Signs of Cuba&#8221;, William Turner Gallery, Bergamot Station Arts, Santa Monica, USA.<\/p>\n<p><strong>2009<\/strong>\u00a0\u00a0 &#8220;Signs&#8221;, Whitney Condominium, Miami, USA.<\/p>\n<p>&#8220;Signs&#8221;, La Acacia Gallery, Havana, Cuba.<\/p>\n<p><strong>2007<\/strong>\u00a0\u00a0 &#8220;Kasting&#8221;, La Acacia Gallery, Havana, Cuba.<\/p>\n<p>&#8220;Kasting&#8221;, Alejandro Otero Museum, Caracas, Venezuela.<\/p>\n<p><strong>2006<\/strong>\u00a0<em>\u00a0 <\/em><em>\u201cHoras como olas\u201d,<\/em> Bolivar Gallery, Havana, Cuba.<\/p>\n<p><strong>2005<\/strong>\u00a0\u00a0 \u201c<em>Dos pintores cubanos<\/em>\u201d, Artecovi Gallery, Madrid, Spain.<\/p>\n<p>\u201c<em>1972, obra reciente<\/em>\u201d, Saint Francis of Assisi Convent, Havana, Cuba.<\/p>\n<p><strong>2003<\/strong>\u00a0\u00a0 \u201c<em>Peces en el suelo<\/em>\u201d, Raul Martinez Gallery, Havana, Cuba.<\/p>\n<p><strong>2001<\/strong>\u00a0\u00a0 &#8220;Kadirlak 72&#8221;, Quiaroscuro Gallery, Santa Fe, USA.<\/p>\n<p>\u201c<em>Solo me llamo L\u00f3pez<\/em>\u201d, Galer\u00eda Abierta, Havana, Cuba.<\/p>\n<p><strong>2000<\/strong>\u00a0\u00a0 \u201c<em>Yo soy el que soy<\/em>\u201d, Espacio Abierto Gallery, Havana, Cuba.<\/p>\n<p>\u201c<em>Habana secreta<\/em>\u201d, Adams and Central Street, Phoenix, USA.<\/p>\n<p><strong>1999<\/strong>\u00a0\u00a0 \u201cKdir: Oils, Watercolors &amp; Installations\u201d, Cuban Art Space, New York, USA.<\/p>\n<p>&#8220;Bingo!&#8221;, Arizona University, Tucson, USA.<\/p>\n<p>&#8220;Bingo!&#8221;, Wifredo Lam Center, Havana, Cuba.<\/p>\n<p><strong>1998<\/strong>\u00a0\u00a0 &#8220;Mustafa&#8221;, Havana Gallery, Havana, Cuba.<\/p>\n<p><strong>1997<\/strong>\u00a0\u00a0 \u201c<em>Todo, todo<\/em>\u201d, State Street Gallery, Dallas, USA.<\/p>\n<p>\u201c<em>M\u00e1s o menos<\/em>\u201d, Havana, Cuba.<\/p>\n<p>\u201cVelas\u201d,\u00a0 Mars Art Space, Phoenix, USA.<\/p>\n<p><strong>1996<\/strong>\u00a0\u00a0 \u201c<em>No lo volver\u00e9 a hacer<\/em>\u201d, Havana, Cuba.<\/p>\n<p><strong>1995<\/strong>\u00a0\u00a0 \u201c<em>Esculturas y pinturas<\/em>\u201d, Ludwig Foundation of Cuba, Havana, Cuba.<\/p>\n<p><strong>1992<\/strong>\u00a0\u00a0 <em>\u201cLas vacaciones de Lenin<\/em>\u201d, Cultural Center of Plaza, Havana, Cuba.<\/p>\n<p><strong>1990<\/strong>\u00a0\u00a0 \u201c<em>Una temporada en el infierno<\/em>\u201d, Art Center, Camag\u00fcey, Cuba.<\/p>\n<p><strong>\u00a0<\/strong><\/p>\n<h4>COLLECTIVE EXHIBITIONS<\/h4>\n<p>&nbsp;<\/p>\n<p><strong>2015<\/strong>\u00a0\u00a0 Luz Botero Fine Art Gallery, Panama City, Panama.<\/p>\n<p>LA Art Show, Los Angeles, USA.<\/p>\n<p>\u201c<em>Imaginarios urbanos en el arte cubano contempor\u00e1neo<\/em>\u201d, Enlaces Gallery, Lima, Peru.<\/p>\n<p>\u201cHB\u201d, Havana Biennial, Havana, Cuba.<\/p>\n<p>\u201c<em>Zona franca<\/em>\u201d, Havana Biennial, Havana, Cuba.<\/p>\n<p>\u201c<em>Detr\u00e1s del muro II<\/em>\u201d, Havana Biennial, Havana, Cuba.<\/p>\n<p>\u201cFocus I: Identified\u201d, Birmingham, USA.<\/p>\n<p>\u201c<em>\u00c9chame a m\u00ed la culpa<\/em>\u201d, La Acacia Gallery, Havana, Cuba.<\/p>\n<p>\u201cMade in Cuba.\u00a0Recycling Culture and Memory\u201d, Los Angeles, USA.<\/p>\n<p><strong>2014<\/strong>\u00a0\u00a0 Wizo Exhibition, Luz Botero Fine Art Gallery, Panama City, Panama.<\/p>\n<p>Art Cartagena, Villa Manuela Gallery, Cartagena, Colombia.<\/p>\n<p>&#8220;Table Tennis Art&#8221;, Villa Manuela Gallery, Havana, Cuba.<\/p>\n<p>Hamptons Art Fair, New York, USA.<\/p>\n<p>&#8220;<em>Trazos<\/em>&#8220;, Havana, Cuba.<\/p>\n<p>Select Art Fair, Miami, USA.<\/p>\n<p>PINTA, Miami, USA.<\/p>\n<p><em>\u201cManipulaci\u00f3n medi\u00e1tica en el arte cubano contempor\u00e1neo: 1984-2014\u201d,<\/em> Havana, Cuba.<\/p>\n<p><strong>2013<\/strong>\u00a0\u00a0 \u201c<em>Doce artistas cubanos<\/em>\u201d, Lima, Peru.<\/p>\n<p>Houston Fine Art Fair, Houston, USA.<\/p>\n<p><strong>2012<\/strong>\u00a0\u00a0 \u201c<em>Proyecto refrigeradores<\/em>\u201d, Contemporary Art Museum, Seoul, South Korea.<\/p>\n<p>Art Miami, Miami, USA.<\/p>\n<p>\u201c<em>Grandes maestros de la pl\u00e1stica latinoamericana<\/em>\u201d, Luz Botero Fine Art Gallery, Panama City, Panama.<\/p>\n<p>\u201c<em>Paisaje urbano<\/em>\u201d, Havana, Cuba.<\/p>\n<p>&#8220;HB&#8221;, Havana, Cuba.<\/p>\n<p>Houston Fine Art Fair, Houston, USA.<\/p>\n<p>ArtBo, Bogota, Colombia.<\/p>\n<p>Art Basel, Miami, USA.<\/p>\n<p><strong>2011<\/strong>\u00a0\u00a0 LA Art Show, Los Angeles, USA.<\/p>\n<p>Art Palm Beach, Miami, USA.<\/p>\n<p>Platform Art, Los Angeles, USA.<\/p>\n<p>\u201cCuba Connection; Near &amp; Far\u201d, Dallas, USA.<\/p>\n<p>MOLA \u00a0Auction, Museum of Latin American Art, Long Beach, USA.<\/p>\n<p>\u201c<em>Arte con texto<\/em>\u201d, Las Nieves Gallery, Bogota, Colombia.<\/p>\n<p>PINTA, New York, USA.<\/p>\n<p>Houston International Art Fair, Houston, USA.<\/p>\n<p>\u201cSigns of Cuba and the Passage of Time\u201d, Long Beach, USA.<\/p>\n<p>\u201cTreasures from Another Island\u201d, Grove Gallery, Madrid, Spain.<\/p>\n<p>\u201c<em>El arsenal, ciudad de las artes<\/em>\u201d, Madrid, Spain.<\/p>\n<p>\u201cSigns of Cuba\u201d, Los Angeles, USA.<\/p>\n<p>\u201cSigns\u201d, Palm Beach, USA.<\/p>\n<p><strong>2010<\/strong>\u00a0\u00a0 \u201c<em>Luces de la ciudad<\/em>\u201d, Havana, Cuba.<\/p>\n<p>\u201c<em>Casabe y Mataj\u00edbaro<\/em>\u201d, Museum of Camag\u00fcey, Havana, Cuba.<\/p>\n<p>ArtMoscow, Moscow, Russia.<\/p>\n<p>\u201c<em>Sencillamente Korda<\/em>\u201d, Havana, Cuba.<\/p>\n<p>&#8220;Love this Island&#8221;, Piece Unique Gallery, Beirut, Lebanon.<\/p>\n<p>Art Palm Beach, West Palm Beach, USA.<\/p>\n<p>Arte Americas, Miami, USA.<\/p>\n<p><strong>2009<\/strong>\u00a0\u00a0 FIA, Caracas, Venezuela.<\/p>\n<p>\u201c<em>La Habana, 490 a\u00f1os<\/em>\u201d, Havana, Cuba.<\/p>\n<p>\u201c<em>Querido, Van Gogh<\/em>\u201d, Havana, Cuba.<\/p>\n<p>\u201c<em>Illusions de Paysages<\/em>\u201d, Pi\u00e9ce Unique Gallery, Beirut, Lebanon.<\/p>\n<p>\u201c<em>Dos caras<\/em>\u201d, National Art Gallery, Tegucigalpa, Honduras.<\/p>\n<p>Art Shanghai, Shanghai, China.<\/p>\n<p>&#8220;Habana&#8217;s&#8221;, Madrid, Spain.<\/p>\n<p>ArtMadrid, Madrid, Spain.<\/p>\n<p>Arte Americas, Miami, USA.<\/p>\n<p><strong>2008<\/strong>\u00a0\u00a0\u00a0 \u201c2008-Photo\u201d, Miami, USA.<\/p>\n<p>PINTA, New York, USA.<\/p>\n<p>ArtBo, Bogota, Colombia.<\/p>\n<p>MOLA, Sacramento, USA.<\/p>\n<p>&#8220;<em>Tots aquests Camins Condueixem to Cuba<\/em>&#8220;, Pilar Riberaygua Gallery, Andorra<\/p>\n<p>\u201c<em>Puro arte<\/em>\u201d, Casa America, Madrid, Spain.<\/p>\n<p>\u201c<em>La Habana: poste de se\u00f1ales<\/em>\u201d, Zipp Gallery, Santa Fe, USA.<\/p>\n<p>Art Madrid, Madrid, Spain.<\/p>\n<p>&#8220;The First Collection&#8221;, AD HOD Gallery, Ontario, Canada.<\/p>\n<p><strong>2007<\/strong>\u00a0\u00a0 \u201c<em>A trav\u00e9s del espejo: arte cubano hoy<\/em>\u201d, Allegro Gallery, Panama City, Panama.<\/p>\n<p>Museum of Contemporary Art, Santo Domingo, Dominican Republic.<\/p>\n<p>MOLA, Sacramento, USA.<\/p>\n<p>\u201c<em>Cuban\u00edas<\/em>\u201d, Famagusta Gate Gallery, Nicosia, Cyprus.<\/p>\n<p>\u201c<em>Almas comunes<\/em>\u201d, Havana, Cuba.<\/p>\n<p>&#8220;Cosmos&#8221;, Servando Gallery, Havana, Cuba.<\/p>\n<p>\u201c<em>Nuevo milenio<\/em>\u201d, Alovera Gallery, Guadalajara, Spain.<\/p>\n<p><strong>2006<\/strong>\u00a0\u00a0 \u201c<em>La utilidad de la virtud<\/em>\u201d, Gallery Miramar, Havana, Cuba.<\/p>\n<p>\u201c<em>Del paisaje a las vivencias humanas<\/em>\u201d, Discovery Planet Gallery, Beirut, Lebanon.<\/p>\n<p>\u201c<em>Relatos de viaje<\/em>\u201d, Havana Biennial, Havana, Cuba.<\/p>\n<p>MOLA, Sacramento, USA.<\/p>\n<p>\u201c<em>En tr\u00e1nsito<\/em>\u201d, Gallery Villa Manuela, Havana, Cuba.<\/p>\n<p><strong>2005<\/strong>\u00a0\u00a0 TIAF, Toronto, Canada.<\/p>\n<p>\u201c<em>Islas o el camino de cada cual<\/em>\u201d, Espacios Gallery, Madrid, Spain.<\/p>\n<p>Havana Online Auction, 23 &amp; 12 Gallery, Havana, Cuba.<\/p>\n<p>\u201c<em>Im\u00e1genes del mundo cubano<\/em>\u201d, Bernau Gallery, Berlin, Germany.<\/p>\n<p>\u201c<em>El arte de la apropiaci\u00f3n<\/em>\u201d, Servando Gallery, Havana, Cuba.<\/p>\n<p>\u201cCuba, the Next Generation\u201d, The Cuban Art Space, New York, USA.<\/p>\n<p>\u201c<em>Alternativas<\/em>\u201d, Servando Gallery, Havana, Cuba.<\/p>\n<p><strong>2004<\/strong>\u00a0\u00a0 Nicomedes Garc\u00eda G\u00f3mez Painting Contest, Madrid, Spain.<\/p>\n<p>\u201cCuba from the Inside Looking Out\u201d, Elaine Jacob Gallery, Detroit, USA.<\/p>\n<p>Havana Online Auction, Havana Gallery, Havana, Cuba.<\/p>\n<p>\u201c<em>Aproximaciones a su reino<\/em>\u201d, Havana, Cuba.<\/p>\n<p>\u201cCuban Car Art\u201d, Sacramento, USA.<\/p>\n<p>\u201c<em>Eleg\u00eda cubana<\/em>\u201d, L Gallery, Havana, Cuba.<\/p>\n<p>\u201c<em>Cuba en cien im\u00e1genes<\/em>\u201d, Florence, Italy.<\/p>\n<p>\u201c<em>Es para no ser visto<\/em>\u201d, Praxis Gallery, Lima, Peru.<\/p>\n<p>\u201cYoung Contemporary Artist from Cuba\u201d, Cheng-Cheng Art Gallery, New Jersey, USA.<\/p>\n<p><strong>2003<\/strong>\u00a0\u00a0 Havana Biennial, Casa de las Americas, Havana, Cuba.<\/p>\n<p>\u201c<em>Maneras de inventarse una sonrisa<\/em>\u201d, Havana Biennial, Havana, Cuba.<\/p>\n<p>Visual Arts Development Center, Havana, Cuba.<\/p>\n<p>\u201cThe Journey of a Cuban Artist\u201d, State University West Art Gallery, Phoenix, USA.<\/p>\n<p>\u201c<em>Con los pobres de la tierra<\/em>\u201d, Havana, Cuba.<\/p>\n<p>\u201cArt and Craft\u201d, Cuban Art Space, New York, USA.<\/p>\n<p>\u201c<em>Anden 10<\/em>\u201d, Catholic University of Ecuador, Quito, Ecuador.<\/p>\n<p>Visual Arts Development Center, Havana, Cuba.<\/p>\n<p><strong>2002<\/strong>\u00a0\u00a0 \u201cCuban Fusion\u201d, Greenwich Arts Council, Hartford, USA.<\/p>\n<p>Terry Fox Auction, Canadian Embassy, Havana, Cuba.<\/p>\n<p><strong>2001<\/strong>\u00a0\u00a0 Fototeca de Cuba, Havana, Cuba.<\/p>\n<p>\u201c<em>Pl\u00e1stica cubana contempor\u00e1nea<\/em>\u201d, Metropolitan Cultural Center, Quito, Ecuador.<\/p>\n<p>\u201cViva Cuba\u201d, Alva Gallery, Hartford, USA.<\/p>\n<p>Italy-Cuba Cultural Project, Perugia, Italy.<\/p>\n<p>Hamburg Art Fair, Hamburg, Germany.<\/p>\n<p><strong>2000<\/strong>\u00a0\u00a0 &#8220;Collective Works&#8221;, Chiaroscuro Gallery, Santa Fe, USA.<\/p>\n<p>&#8220;Two Nations&#8221;, White Water Gallery, Ontario, Canada.<\/p>\n<p>&#8220;Collective Works&#8221;, Peterson Hall Gallery, Scottsdale, USA.<\/p>\n<p><strong>1999<\/strong>\u00a0\u00a0 Vi\u00f1a del Mar Watercolor Biennial, Vi\u00f1a del Mar, Chile.<\/p>\n<p>London International Art Fair, London, UK.<\/p>\n<p><strong>1998<\/strong>\u00a0\u00a0 Visual Arts Development Center, Havana, Cuba.<\/p>\n<p>&#8220;<em>New Art from Cuba<\/em>&#8220;, Trask Gallery, New York, USA.<\/p>\n<p><strong>1997<\/strong>\u00a0\u00a0 \u201c<em>Trabajo por cuenta propia<\/em>\u201d, Havana, Cuba.<\/p>\n<p>&#8220;Art on the Asphalt&#8221;, Phoenix, USA.<\/p>\n<p>&#8220;The Cigar&#8221;, Murakami Gallery, New York, USA.<\/p>\n<p>&#8220;The Cigar&#8221;, Christie\u2019s Gallery, New York, USA.<\/p>\n<p>&#8220;The Biggest Little Picture and Sculpture Show&#8221;, State Street Gallery, Dallas, USA.<\/p>\n<p>&#8220;Havana-Newark&#8221;, Sumei Multidisciplinary Art Center, New Jersey, USA.<\/p>\n<p>&#8220;Collective Works&#8221;, The Empty Wall Gallery, Dallas, USA.<\/p>\n<p><strong>1996<\/strong>\u00a0\u00a0 Luz &amp; Oficios Center, Havana, Cuba.<\/p>\n<p>\u201c<em>Reflexionemos: SI DA<\/em>\u201d, Havana, Cuba.<\/p>\n<p>\u201c<em>R\u00edo Almendares; ni fresa ni chocolate<\/em>\u201d, Havana, Cuba.<\/p>\n<p>\u201c<em>Pl\u00e1stica cubana actual<\/em>\u201d, Beijing, China.<\/p>\n<p><strong>1995<\/strong>\u00a0\u00a0 National Museum of Cuba, Havana, Cuba.<\/p>\n<p>\u201c<em>Una de cada clase<\/em>\u201d, Havana, Cuba.<\/p>\n<p>\u201c<em>Vestigios ego: un retrato posible<\/em>\u201d, Havana, Cuba.<\/p>\n<p><strong>1994<\/strong>\u00a0\u00a0 \u201c<em>No valen guayabas verdes<\/em>\u201d, Havana Biennial, Havana, Cuba.<\/p>\n<p><strong>1993<\/strong>\u00a0\u00a0 \u00a0\u201c<em>Cambio de bola<\/em>\u201d, Havana Gallery, Havana, Cuba.<\/p>\n<p><strong>1992<\/strong>\u00a0\u00a0 \u201c<em>Un marco por la tierra<\/em>\u201d, Bogota, Colombia.<\/p>\n<p><strong>1991<\/strong>\u00a0\u00a0 \u201c<em>Si Tim tiene, Tim vale<\/em>\u201d, Havana Biennial, Havana, Cuba.<\/p>\n<p>&#8220;Miss Expo&#8221;, Gallery of the Higher Institute of Art, Havana, Cuba.<\/p>\n<p><strong>1990<\/strong>\u00a0\u00a0 \u201c<em>Expreso I.S.A<\/em>.\u201d, Gallery of the Higher Institute of Art, Havana, Cuba.<\/p>\n<p>Guernica Hall, Art Center, Las Tunas, Cuba.<\/p>\n<p><strong>1989\u00a0\u00a0\u00a0\u00a0<\/strong>\u201c<em>Luz verde<\/em>\u201d, Las Tunas, Cuba.<\/p>\n<p><strong>\u00a0<\/strong><\/p>\n<h4>AWARDS AND DISTINCTIONS<\/h4>\n<p><strong>\u00a0<\/strong><\/p>\n<p><strong>1995<\/strong>\u00a0\u00a0 National Museum of Cuba, Havana, Cuba.<\/p>\n<p><strong>1992<\/strong>\u00a0\u00a0 Las Tunas Art Center, Las Tunas, Cuba.<\/p>\n<p><strong>1991<\/strong>\u00a0\u00a0 Las Tunas Art Center, Las Tunas, Cuba.<\/p>\n<p><strong>1989<\/strong>\u00a0\u00a0 Las Tunas Art Center, Las Tunas, Cuba.<\/p>\n<p><strong>\u00a0<\/strong><\/p>\n<h4>COLLECTIONS<\/h4>\n<p>&nbsp;<\/p>\n<p>Arizona State University Art Museum, Phoenix, USA.<\/p>\n<p>Museum of Latin American Art, Sacramento, USA.<\/p>\n<p>Museum of Finest Cuban Arts, Vienna, Austria.<\/p>\n<p>Donald Rubin Collection, New York, USA.<\/p>\n<p>Art Nexus Collection, Bogota, Colombia.<\/p>\n<p><span style=\"color: #ffffff;\">.<\/span>[\/vc_column_text][\/vc_column][\/vc_row]<\/p>","protected":false},"excerpt":{"rendered":"<p>[vc_row][vc_column][vc_custom_heading source=&#8221;post_title&#8221; use_theme_fonts=&#8221;yes&#8221;][vc_empty_space height=&#8221;20&#8243;][\/vc_column][\/vc_row][vc_row][vc_column][rev_slider_vc alias=&#8221;lopez-kdir&#8221;][vc_empty_space height=&#8221;20&#8243;][\/vc_column][\/vc_row][vc_row][vc_column][vc_custom_heading source=&#8221;post_title&#8221; use_theme_fonts=&#8221;yes&#8221;][vc_separator][\/vc_column][\/vc_row][vc_row][vc_column][vc_column_text] Kadir Lopez Nieves, Las Tunas, Cuba, 1972. \u00a0 SOLO EXHIBITIONS &nbsp; 2015\u00a0\u00a0 &#8220;Havana Lights&#8221;, Acacia Gallery, Havana, Cuba. &#8220;Havana Lights&#8221;, collateral show of the Havana Biennial, Havana, Cuba. 2014\u00a0\u00a0 \u201cNubes\u201d, Raul Martinez Gallery, Havana, Cuba. 2013\u00a0\u00a0 &#8220;The Conflux of Eternities: Historical Discourse in the work of Kadir&hellip;<\/p>\n","protected":false},"author":1,"featured_media":430,"parent":117,"menu_order":0,"comment_status":"closed","ping_status":"closed","template":"","meta":{"inline_featured_image":false},"tags":[5],"acf":[],"_links":{"self":[{"href":"https:\/\/luzboterofineart.com\/en\/wp-json\/wp\/v2\/pages\/470"}],"collection":[{"href":"https:\/\/luzboterofineart.com\/en\/wp-json\/wp\/v2\/pages"}],"about":[{"href":"https:\/\/luzboterofineart.com\/en\/wp-json\/wp\/v2\/types\/page"}],"author":[{"embeddable":true,"href":"https:\/\/luzboterofineart.com\/en\/wp-json\/wp\/v2\/users\/1"}],"replies":[{"embeddable":true,"href":"https:\/\/luzboterofineart.com\/en\/wp-json\/wp\/v2\/comments?post=470"}],"version-history":[{"count":4,"href":"https:\/\/luzboterofineart.com\/en\/wp-json\/wp\/v2\/pages\/470\/revisions"}],"predecessor-version":[{"id":1325,"href":"https:\/\/luzboterofineart.com\/en\/wp-json\/wp\/v2\/pages\/470\/revisions\/1325"}],"up":[{"embeddable":true,"href":"https:\/\/luzboterofineart.com\/en\/wp-json\/wp\/v2\/pages\/117"}],"wp:featuredmedia":[{"embeddable":true,"href":"https:\/\/luzboterofineart.com\/en\/wp-json\/wp\/v2\/media\/430"}],"wp:attachment":[{"href":"https:\/\/luzboterofineart.com\/en\/wp-json\/wp\/v2\/media?parent=470"}],"wp:term":[{"taxonomy":"post_tag","embeddable":true,"href":"https:\/\/luzboterofineart.com\/en\/wp-json\/wp\/v2\/tags?post=470"}],"curies":[{"name":"wp","href":"https:\/\/api.w.org\/{rel}","templated":true}]}}