{"id":256,"date":"2016-10-18T19:15:15","date_gmt":"2016-10-18T19:15:15","guid":{"rendered":"http:\/\/luzboterofineart.com\/?page_id=256"},"modified":"2018-01-16T16:54:35","modified_gmt":"2018-01-16T16:54:35","slug":"mellado-jose-maria","status":"publish","type":"page","link":"https:\/\/luzboterofineart.com\/en\/artistas-2\/mellado-jose-maria\/","title":{"rendered":"MELLADO Jos\u00e9 Mar\u00eda"},"content":{"rendered":"<p>[vc_row][vc_column][vc_custom_heading source=&#8221;post_title&#8221; use_theme_fonts=&#8221;yes&#8221;][vc_empty_space height=&#8221;20&#8243;][\/vc_column][\/vc_row][vc_row][vc_column][rev_slider_vc alias=&#8221;mellado-jose-maria&#8221;][vc_empty_space height=&#8221;20&#8243;][vc_custom_heading source=&#8221;post_title&#8221; use_theme_fonts=&#8221;yes&#8221;][\/vc_column][\/vc_row][vc_row][vc_column][vc_separator][\/vc_column][\/vc_row][vc_row][vc_column][vc_column_text]<\/p>\n<h4>Jos\u00e9 Mar\u00eda Mellado Martinez, Almeria, Spain, 1966.<\/h4>\n<p>&nbsp;<\/p>\n<h4>SOLO EXHIBITIONS<\/h4>\n<p><strong>\u00a0<\/strong><\/p>\n<p><strong>2016<\/strong>\u00a0\u00a0 \u201c<em>De cerca<\/em>\u201d, Caja Granada Foundation, Granada, Spain.<\/p>\n<p><strong>2015<\/strong>\u00a0\u00a0 \u201c<em>De cerca<\/em>\u201d, Andalusian Center of Photography, Almeria, Spain.<\/p>\n<p>Art Cologne, Boisser\u00e9e Gallery, Cologne, Germany.<\/p>\n<p><em>\u201cSelecci\u00f3n\u201d<\/em>, Luz Botero Fine Art Gallery, Panama City, Panama.<\/p>\n<p><strong>2014<\/strong>\u00a0\u00a0 \u201cThe Thought That Counts\u201d, Ellipsis Gallery, Istanbul, Turkey.<\/p>\n<p>&#8220;<em>Selecci\u00f3n<\/em> &#8220;, Spain Art Open House, Salamanca, Spain.<\/p>\n<p>\u201c<em>La fotograf\u00eda en la colecci\u00f3n del Parlamento de Extremadura<\/em>\u201d, Extremadura, Spain.<\/p>\n<p>Camarena Palace, Caceres, Spain.<\/p>\n<p>Art Cologne, Boisser\u00e9e Gallery, Cologne, Germany.<\/p>\n<p>Art Karlsruhe, Boisser\u00e9e Gallery, Cologne, Germany.<\/p>\n<p>\u201c<em>Cambiando vidas<\/em>\u201d\/ &#8220;Changing Lives&#8221;, Luz Botero Fine Art Gallery, Panama City, Panama.<\/p>\n<p><strong>2013<\/strong>\u00a0\u00a0 First Biennial of the South, Luz Botero Fine Art Gallery, Panama City, Panama.<\/p>\n<p>\u201c<em>Encuentro y di\u00e1logo<\/em>\u201d, Government of Extremadura, Extremadura, Spain.<\/p>\n<p>Art Cologne, Boisser\u00e9e Gallery, Cologne, Germany.<\/p>\n<p>\u201c<em>Encuentro y di\u00e1logo<\/em>\u201d, Madrid, Spain.<\/p>\n<p>Art Karlsruhe, Boisser\u00e9e Gallery, Cologne, Germany.<\/p>\n<p>\u201cIn the Limelight of the Infinite Romanticism and the Present\u201d, Altana Art Foundation, Hamburg, Germany.<\/p>\n<p><strong>2012<\/strong>\u00a0\u00a0 \u201cFrom Heaven to Earth\u201d, Las Condes Cultural Corporation, Santiago de Chile, Chile.<\/p>\n<p>Boisser\u00e9e Gallery, Cologne, Germany.<\/p>\n<p>&#8220;Enigmatic Landscapes&#8221;, Ellipsis Gallery, Istanbul, Turkey.<\/p>\n<p><strong>2011<\/strong>\u00a0\u00a0 &#8220;Landscapes&#8221;, Sandrine Mons Gallery, Nice, France.<\/p>\n<p>Ellipsis Gallery, Istanbul, Turkey.<\/p>\n<p><strong>2010<\/strong>\u00a0\u00a0 Boisser\u00e9e Gallery, Cologne, Germany.<\/p>\n<p>&#8220;Lanscape. The Eternal Return&#8221;, Tom\u00e1s March Gallery, Valencia, Spain.<\/p>\n<p><strong>2009<\/strong>\u00a0\u00a0 &#8220;Landscape. The Eternal Return&#8221;, Tom\u00e1s y Valiente Cultural Center, Madrid, Spain.<\/p>\n<p>&#8220;Landscape. The Eternal Return&#8221;, Metropolis Foundation, Madrid, Spain.<\/p>\n<p>\u201c<em>El silencio y la luz<\/em>\u201d. University of Magdalena, Santa Marta, Colombia.<\/p>\n<p>&#8220;Photography&#8221;, Crown Gallery, Brussels, Belgium.<\/p>\n<p>&#8220;Wide Angles. Landscapes Through a Lens\u201d, Global Art Source, Zurich, Switzerland.<\/p>\n<p>\u201c<em>Fotograf\u00edas<\/em>\u201d, Customs\u2019 Art Gallery, Bogota, Colombia.<\/p>\n<p>\u201c<em>El silencio y la luz<\/em>\u201d, Photo-library of Cuba, Havana, Cuba.<\/p>\n<p>\u201cLandscape. The Eternal Return\u201d, Miguel Delibes Library, Madrid, Spain.<\/p>\n<p>\u201c<em>Fotograf\u00edas<\/em>\u201d, Blanca Berlin Gallery, Madrid, Spain.<\/p>\n<p>\u201c<em>Islandia\u201d<\/em>, Full Art Gallery, Seville, Spain.<\/p>\n<p>&#8220;Landscape. The Eternal Return&#8221;, Church of Santa Lucia, Seville, Spain.<\/p>\n<p>&#8220;Landscape. The Eternal Return&#8221;, Jos\u00e9 Saramago Cultural Center, Madrid, Spain.<\/p>\n<p>\u201c<em>El silencio y la luz<\/em>\u201d, Tolima Art Museum, Ibague, Colombia.<\/p>\n<p><strong>2008<\/strong>\u00a0\u00a0 &#8220;Landscape. The Eternal Return&#8221;, Municipal Art Center, Madrid, Spain.<\/p>\n<p>\u201c<em>Islandia\u201d<\/em>, Ana Vilaseco Gallery, La Coruna, Spain.<\/p>\n<p>\u201c<em>El silencio y la luz<\/em>\u201d, Club El Nogal Gallery, Bogota, Colombia.<\/p>\n<p>&#8220;<em>Ron con hielo<\/em>&#8220;, Blanca Berlin Gallery, Madrid, Spain.<\/p>\n<p><strong>2007<\/strong>\u00a0\u00a0 Photo Miami, Maria Llanos Gallery, Caceres, Spain.<\/p>\n<p>\u201c<em>El silencio y la luz<\/em>\u201d, Medellin, Colombia.<\/p>\n<p>\u201c<em>El silencio y la luz<\/em>\u201d, Modern Art Center, Almeria, Spain.<\/p>\n<p>\u201c<em>En tr\u00e1nsito<\/em>\u201d, Llucia Homs Gallery, Barcelona, Spain.<\/p>\n<p>\u201c<em>Islandia\u201d<\/em>, Estiarte Gallery, Madrid, Spain.<\/p>\n<p>\u201c<em>Fotograf\u00edas<\/em>\u201d, Maria Llanos Gallery, C\u00e1ceres, Spain.<\/p>\n<p>\u201c<em>noXido<\/em>\u201d, Bodegas Osborne, Castilla de la Mancha, Spain.<\/p>\n<p><strong>2005<\/strong>\u00a0\u00a0 \u201c<em>noXido<\/em>\u201d, Tomas March Gallery, Valencia, Spain.<\/p>\n<p>\u201c<em>Catedrales de metal<\/em>\u201d, 417 Gallery, Madrid, Spain.<\/p>\n<p>\u201c<em>La huella humana en el paisaje<\/em>\u201d, Castellon de la Plana, Spain.<\/p>\n<p><strong>2003<\/strong>\u00a0\u00a0 \u201c<em>Miradas desde el AVE<\/em>\u201d, Maria Llanos Gallery, Caceres, Spain.<\/p>\n<p><strong>2002<\/strong>\u00a0\u00a0 \u201c<em>El reportaje est\u00e9tico<\/em>\u201d, Diafragma Hall, Cordoba, Spain.<\/p>\n<p>Posada del Potro, Cordoba, Spain.<\/p>\n<p><strong>2001\u00a0\u00a0\u00a0 <\/strong>\u201c<em>Instantes<\/em>\u201d, Maestro Padilla Auditorium, Almeria, Spain.<\/p>\n<p>\u201c<em>Instantes<\/em>\u201d, Galileo Cultural Center, Madrid, Spain.<\/p>\n<p><strong>2000<\/strong>\u00a0\u00a0 \u201c<em>D\u00eda del ni\u00f1o<\/em>\u201d, Arts and Sciences Association (<em>Ateneo<\/em>) of Madrid, Madrid, Spain.<\/p>\n<p>\u201c<em>Oto\u00f1o fotogr\u00e1fico 1999. Paisaje y paisanaje<\/em>\u201d, Luis Gonzaga C.C., Madrid, Spain.<\/p>\n<p><strong>1999<\/strong>\u00a0\u00a0 \u201c<em>Paisaje y paisanaje<\/em>\u201d, Maestro Padilla Auditorium, Almeria, Spain.<\/p>\n<p><strong>1998<\/strong>\u00a0\u00a0 \u201c<em>Homo Urbanus III<\/em>\u201d, Royal Photographic Society, Orense, Spain.<\/p>\n<p>\u201c<em>Homo Urbanus II<\/em>\u201d, Lyceum of Orense, Orense, Spain.<\/p>\n<p><strong>1997<\/strong>\u00a0\u00a0 \u201c<em>Homo Urbanus II<\/em>\u201d, Unicaja Cultural Hall, Malaga, Spain.<\/p>\n<p>\u201c<em>Homo Urbanus II<\/em>\u201d, Unicaja Cultural Hall, Almeria, Spain.<\/p>\n<p><strong>1996<\/strong>\u00a0\u00a0 \u201c<em>Metr\u00f3polis<\/em>\u201d, Photographic Association, Guadalajara, Spain.<\/p>\n<p>\u201c<em>Guadalajara y sus gentes<\/em>\u201d, Photographic Association, Guadalajara, Spain.<\/p>\n<p>\u201c<em>Metr\u00f3polis<\/em>\u201d, Madrid, Spain.<\/p>\n<p>&nbsp;<\/p>\n<h4>COLLECTIVE EXHIBITIONS<\/h4>\n<p><strong>\u00a0<\/strong><\/p>\n<p><strong>2016<\/strong>\u00a0\u00a0 \u201c<em>La emoci\u00f3n de la fotograf\u00eda<\/em>\u201d, Alcobendas Collection, Pamplona, Spain.<\/p>\n<p>\u201cLa creaci\u00f3n del paisaje contempor\u00e1neo\u201d, Madrid, Spain.<\/p>\n<p><strong>2015<\/strong>\u00a0\u00a0 Lima Photo, Enlace Gallery, Lima, Peru.<\/p>\n<p>\u201c<em>Arte contempor\u00e1neo<\/em>\u201d, Luz Botero Fine Art Gallery, Panama City, Panama.<\/p>\n<p><strong>2014<\/strong>\u00a0\u00a0 <em>Enlaces, Isla Mar y Arte<\/em>\/ Links, Sea Island and Art, Luz Botero Fine Art Gallery, Panama City, Panama.<\/p>\n<p><strong>2013<\/strong>\u00a0\u00a0 First Biennial of the South, Luz Botero Fine Art Gallery, Panama City, Panama.<\/p>\n<p>\u201c<em>Encuentro y di\u00e1logo<\/em>\u201d, Government of Extremadura, M\u00e9rida, Spain.<\/p>\n<p>Santa Cruz Museum, Toledo, Spain.<\/p>\n<p>Art Cologne, Boisser\u00e9e Gallery, Cologne, Germany.<\/p>\n<p>\u201c<em>Encuentro y di\u00e1logo<\/em>\u201d, Government of Extremadura, M\u00e9rida, Spain.<\/p>\n<p>Extremadura and Ibero-American Contemporary Art Museum, Badajoz, Spain.<\/p>\n<p>Art Karlsruhe, Boisser\u00e9e Gallery, Cologne, Germany.<\/p>\n<p>\u201cIn the Limelight of the Infinite.Romanticism and the Present\u201d, Altana Art Foundation, Hamburg, Germany.<\/p>\n<p><strong>2012<\/strong>\u00a0\u00a0 \u201cIn the Limelight of the Infinite.Romanticism and the Present\u201d, Altana Art Foundation, Hamburg, Germany.<\/p>\n<p>Contemporary Istanbul, Ellipsis Gallery, Istanbul, Turkey.<\/p>\n<p><em>\u201cLa tierra m\u00e1s hermosa, Cuba\u201d,<\/em> Casa de las Americas, Havana, Cuba.<\/p>\n<p>&#8220;Emphatic or Distorted&#8221;, Crown Gallery, Brussels, Belgium.<\/p>\n<p>Art Brussels, Crown Gallery, Brussels, Belgium.<\/p>\n<p>Art Cologne, Boisser\u00e9e Gallery, Cologne, Germany.<\/p>\n<p><em>\u201cLa tierra m\u00e1s hermosa, Cuba\u201d,<\/em> National Fine Arts Museum, Havana, Cuba.<\/p>\n<p>\u201c<em>Urbscapes, <\/em><em>espacios de hibridaci\u00f3n<\/em>\u201d, Plataforma Revolver Art Center, Lisbon, Portugal.<\/p>\n<p><strong>2011<\/strong>\u00a0\u00a0 SCOPE, Crown Gallery, Basel, Switzerland.<\/p>\n<p>Art Amsterdam, Crown Gallery, Amsterdam, Netherlands.<\/p>\n<p>Madrid Foto, Crown Gallery, Madrid, Spain.<\/p>\n<p>Art Brussels, Crown Gallery, Brussels, Belgium.<\/p>\n<p>Art Cologne, Boisser\u00e9e Gallery, Cologne, Germany.<\/p>\n<p>&#8220;<em>Urbscapes, <\/em><em>espacios de hibridaci\u00f3n<\/em>&#8220;, Arts Center, Madrid, Spain.<\/p>\n<p>&#8220;<em>Urbscapes, <\/em><em>espacios de hibridaci\u00f3n<\/em>&#8220;, EFTI Hall, Madrid, Spain.<\/p>\n<p><strong>2010<\/strong>\u00a0\u00a0 \u201cA New View of Spanish Photography and Video Art\u201d, N. Museum of Photography, Copenhagen, Denmark.<\/p>\n<p>\u201c<em>Urbscapes, espacios de hibridaci\u00f3n<\/em>\u201d, Polytechnic University, Valencia, Spain.<\/p>\n<p>Art Amsterdam, Crown Gallery, Amsterdam, Netherlands.<\/p>\n<p><em>\u201cMadrid, \u00a1Oh cielos!\u201d,<\/em> Fine Arts Circle, Madrid, Spain.<\/p>\n<p>Madrid Foto, Maria Llanos Gallery and Ana Vilaseco Gallery, Madrid, Spain.<\/p>\n<p>NEXT, Full Art Gallery, Chicago, USA.<\/p>\n<p>\u201c<em>Foro sur<\/em>\u201d, Tomas March and Maria Llanos Gallery, Caceres, Spain.<\/p>\n<p>Crown Gallery, Brussels, Belgium.<\/p>\n<p>Art Brussels, Crown Gallery, Brussels, Belgium.<\/p>\n<p>ARCO, Tomas March Gallery, Madrid, Spain.<\/p>\n<p><strong>2009<\/strong>\u00a0\u00a0 Art Santander, Maria Llanos Gallery, Santander, Spain.<\/p>\n<p>\u201c<em>Atm\u00f3sferas<\/em>\u201d, Ana Vilaseco Gallery, La Coruna, Spain.<\/p>\n<p>\u201c<em>Colecci\u00f3n II<\/em>\u201d, Tea Tenerife, Tenerife, Spain.<\/p>\n<p>Madrid Foto, Fernando Pradilla y Blanca Berlin Galleries, Madrid, Spain.<\/p>\n<p>\u201c<em>17 milagroso Babal\u00fa Ay\u00e9<\/em>\u201d, Casa de America, Madrid, Spain.<\/p>\n<p>\u201c<em>Objetivo 18 \u2013 28. IES Puerta Bonita. 10 a\u00f1os mirando<\/em>\u201d, Fine Arts Circle, Madrid, Spain.<\/p>\n<p>ARCO, Tomas March and Lucia Homs Galleries, Madrid, Spain.<\/p>\n<p><strong>2008<\/strong>\u00a0\u00a0 Photo Miami, Full Art Gallery, Miami, USA.<\/p>\n<p>\u201c<em>El espacio compartido<\/em>\u201d, Madrid, Spain.<\/p>\n<p>\u201c<em>XV a\u00f1os de la colecci\u00f3n g\u00e9neros y tendencias<\/em>\u201d, Madrid, Spain.<\/p>\n<p>Arte Lisboa, Maria Llanos Gallery, Lisbon, Portugal.<\/p>\n<p>Art Valencia, Tomas March and Maria Llanos Galleries, Valencia, Spain.<\/p>\n<p>ESTAMPA, Blanca Berlin Gallery, Madrid, Spain.<\/p>\n<p>\u201c<em>Nuevas historias<\/em>\u201d, Kulturhuset, Stockholm, Sweden.<\/p>\n<p>&#8220;YOUniverse&#8221;, Andalusian Center of Contemporary Art, Seville, Spain.<\/p>\n<p>\u201c<em>Espacio \u2013 tiempo<\/em>\u201d, Full Art Gallery, Seville, Spain.<\/p>\n<p>\u201c<em>Inicial<\/em>\u201d, Council of Andaluc\u00eda, Seville, Spain.<\/p>\n<p>Art Santander, Maria Llanos and Ana Vilaseco Galleries, Santander, Spain.<\/p>\n<p><em>\u201cLa nada\u201d,<\/em> Espacio Escala, Seville, Spain.<\/p>\n<p>\u201c<em>Para\u00edsos indefinidos<\/em>\u201d, Andalusian Center of Contemporary Art, Seville, Spain.<\/p>\n<p>\u201c<em>La ilimitada energ\u00eda del paisaje<\/em>\u201d, Huesca, Spain.<\/p>\n<p>\u201c<em>Adquisiciones recientes<\/em>\u201d, Basque Museum of Contemporary Art, Bilbao, Spain.<\/p>\n<p>\u201c<em>Janus. La doble cara de la fotograf\u00eda<\/em>\u201d, National Museum Reina Sofia, Madrid, Spain.<\/p>\n<p>&#8220;Babylon&#8221;, Contemporary Art Festival, Barcelona, Spain.<\/p>\n<p>&#8220;Babylon&#8221;, AVA Gallery, Madrid, Spain.<\/p>\n<p>\u201c<em>Foro sur<\/em>\u201d, Tomas March and Maria Llanos Galleries, Caceres, Spain.<\/p>\n<p>Art Salamanca, Tomas March Galleries and Maria Llanos, Salamanca, Spain.<\/p>\n<p>ARCO, Tomas March Gallery and Unicaja Foundation, Madrid, Spain.<\/p>\n<p><strong>2007<\/strong>\u00a0\u00a0 Arte Lisboa, Maria Llanos Gallery, Lisbon, Portugal.<\/p>\n<p>\u201c<em>Foro sur<\/em>\u201d, Tomas March and Maria Llanos Galleries, Caceres, Spain.<\/p>\n<p>DFoto, Estiarte and Tomas March Galleries, Madrid, Spain.<\/p>\n<p>Arte Santander, Maria Llanos Gallery, Santander, Spain.<\/p>\n<p>Valencia Art, Tomas March Gallery, Valencia, Spain.<\/p>\n<p>ARCO, Estiarte, Llucia Homs and Tomas March Galleries, Madrid, Spain.<\/p>\n<p><strong>2006<\/strong>\u00a0\u00a0 Estiarte Gallery, Madrid, Spain.<\/p>\n<p>Biennial of Contemporary Art, Alcorcon Municipal Art Center, Cuenca, Spain.<\/p>\n<p>Art Salamanca, Tomas March and Maria Llanos Galleries, Salamanca, Spain.<\/p>\n<p>Valencia Art, Tomas March and Maria Llanos Galleries, Valencia, Spain.<\/p>\n<p>Art Basel, Tomas March Gallery, Miami, USA.<\/p>\n<p>Arte Santander, Maria Llanos Gallery, Santander, Spain.<\/p>\n<p>Arte Lisboa, Maria Llanos Gallery, Lisbon, Portugal.<\/p>\n<p>ARCO, Tomas March Gallery, Madrid, Spain.<\/p>\n<p><strong>2005<\/strong>\u00a0\u00a0 Arte Lisboa, Maria Llanos Gallery, Lisbon, Portugal.<\/p>\n<p>Art Salamanca, Tomas March and Maria Llanos Galleries, Salamanca, Spain.<\/p>\n<p>Dfoto, Tomas March Gallery, Madrid, Spain.<\/p>\n<p>Valencia Art, Tomas March Gallery, Valencia, Spain.<\/p>\n<p>ARCO, Maria Llanos Gallery, Madrid, Spain.<\/p>\n<p>Arte Lisboa, Maria Llanos Gallery, Lisbon, Portugal.<\/p>\n<p>Art Salamanca, Maria Llanos and Tomas March Galleries, Salamanca, Spain.<\/p>\n<p>Arte Santander, Maria Llanos Gallery, Santander, Spain.<\/p>\n<p><strong>2004<\/strong>\u00a0\u00a0 FLECHA, Madrid, Spain.<\/p>\n<p>ESTAMPA, Madrid, Spain.<\/p>\n<p><strong>2003<\/strong>\u00a0\u00a0 Arte Santander, Maria Llanos Gallery, Santander, Spain.<\/p>\n<p>\u201c<em>Habitares<\/em>\u201d, Espacio Positivo Gallery, Madrid, Spain.<\/p>\n<p>\u201c<em>Foro Sur<\/em>\u201d, Gallery Maria Llanos, Caceres, Spain.<\/p>\n<p>FLECHA, Madrid, Spain.<\/p>\n<p><strong>2002<\/strong>\u00a0\u00a0 ARCO, ABC, Madrid, Spain.<\/p>\n<p>&nbsp;<\/p>\n<h4>AWARDS AND DISTINCTIONS<\/h4>\n<p><strong>\u00a0<\/strong><\/p>\n<p><strong>2008<\/strong>\u00a0\u00a0 Iniciarte Award for Artistic Contemporary Creation in Andalusia, Seville, Spain.<\/p>\n<p><strong>2006<\/strong>\u00a0\u00a0 LuxSeis, Lux Oro and Lux Plata Awards, Madrid, Spain.<\/p>\n<p><em>Desde la Muralla<\/em> Photo Competition, Lugo, Spain.<\/p>\n<p><strong>2004<\/strong>\u00a0\u00a0 Autumn Salon of the Spanish Association of Painters and Sculptors, Madrid, Spain.<\/p>\n<p><strong>2003<\/strong>\u00a0\u00a0 Purificaci\u00f3n Garc\u00eda Prize, Madrid, Spain.<\/p>\n<p>L&#8217;Oreal Fine Arts Contest, Madrid, Spain.<\/p>\n<p>International Contemporary Photography Contest, Valdepe\u00f1as, Spain.<\/p>\n<p>Plastic Arts Contest UNED, Madrid, Spain.<\/p>\n<p>Caja San Fernando Fine Arts Contest, Madrid, Spain.<\/p>\n<p>International Photography Contest, City of Cieza, Cieza, Spain.<\/p>\n<p>Unicaja Photography Award, Madrid, Spain.<\/p>\n<p><strong>2002<\/strong>\u00a0\u00a0 \u201c<em>El Brocense<\/em>\u201d Arts Competition, Council of Caceres, Caceres, Spain.<\/p>\n<p>Cabo de Gata National Park Prize, Almeria, Spain.<\/p>\n<p>Tomelloso National Photography Contest, Tomelloso, Spain.<\/p>\n<p>Mapfre-Finisterre Insurance Photography Contest, Madrid, Spain.<\/p>\n<p>Granada Royal Academy of Fine Arts, Granada, Spain.<\/p>\n<p>City of Cordoba Competition, Super Mosque, Cordoba, Spain.<\/p>\n<p>ABC Painting and Photography Award, Madrid, Spain.<\/p>\n<p><strong>1996<\/strong>\u00a0\u00a0 Golden Bee National Competition, Guadalajara, Spain.<\/p>\n<p>&nbsp;<\/p>\n<p>[\/vc_column_text][\/vc_column][\/vc_row]<\/p>","protected":false},"excerpt":{"rendered":"<p>[vc_row][vc_column][vc_custom_heading source=&#8221;post_title&#8221; use_theme_fonts=&#8221;yes&#8221;][vc_empty_space height=&#8221;20&#8243;][\/vc_column][\/vc_row][vc_row][vc_column][rev_slider_vc alias=&#8221;mellado-jose-maria&#8221;][vc_empty_space height=&#8221;20&#8243;][vc_custom_heading source=&#8221;post_title&#8221; use_theme_fonts=&#8221;yes&#8221;][\/vc_column][\/vc_row][vc_row][vc_column][vc_separator][\/vc_column][\/vc_row][vc_row][vc_column][vc_column_text] Jos\u00e9 Mar\u00eda Mellado Martinez, Almeria, Spain, 1966. &nbsp; SOLO EXHIBITIONS \u00a0 2016\u00a0\u00a0 \u201cDe cerca\u201d, Caja Granada Foundation, Granada, Spain. 2015\u00a0\u00a0 \u201cDe cerca\u201d, Andalusian Center of Photography, Almeria, Spain. Art Cologne, Boisser\u00e9e Gallery, Cologne, Germany. \u201cSelecci\u00f3n\u201d, Luz Botero Fine Art Gallery, Panama City, Panama. 2014\u00a0\u00a0 \u201cThe Thought That&hellip;<\/p>\n","protected":false},"author":1,"featured_media":257,"parent":117,"menu_order":0,"comment_status":"closed","ping_status":"closed","template":"","meta":{"inline_featured_image":false},"tags":[5],"acf":[],"_links":{"self":[{"href":"https:\/\/luzboterofineart.com\/en\/wp-json\/wp\/v2\/pages\/256"}],"collection":[{"href":"https:\/\/luzboterofineart.com\/en\/wp-json\/wp\/v2\/pages"}],"about":[{"href":"https:\/\/luzboterofineart.com\/en\/wp-json\/wp\/v2\/types\/page"}],"author":[{"embeddable":true,"href":"https:\/\/luzboterofineart.com\/en\/wp-json\/wp\/v2\/users\/1"}],"replies":[{"embeddable":true,"href":"https:\/\/luzboterofineart.com\/en\/wp-json\/wp\/v2\/comments?post=256"}],"version-history":[{"count":19,"href":"https:\/\/luzboterofineart.com\/en\/wp-json\/wp\/v2\/pages\/256\/revisions"}],"predecessor-version":[{"id":1444,"href":"https:\/\/luzboterofineart.com\/en\/wp-json\/wp\/v2\/pages\/256\/revisions\/1444"}],"up":[{"embeddable":true,"href":"https:\/\/luzboterofineart.com\/en\/wp-json\/wp\/v2\/pages\/117"}],"wp:featuredmedia":[{"embeddable":true,"href":"https:\/\/luzboterofineart.com\/en\/wp-json\/wp\/v2\/media\/257"}],"wp:attachment":[{"href":"https:\/\/luzboterofineart.com\/en\/wp-json\/wp\/v2\/media?parent=256"}],"wp:term":[{"taxonomy":"post_tag","embeddable":true,"href":"https:\/\/luzboterofineart.com\/en\/wp-json\/wp\/v2\/tags?post=256"}],"curies":[{"name":"wp","href":"https:\/\/api.w.org\/{rel}","templated":true}]}}