{"id":252,"date":"2016-10-18T19:10:58","date_gmt":"2016-10-18T19:10:58","guid":{"rendered":"http:\/\/luzboterofineart.com\/?page_id=252"},"modified":"2018-03-13T22:37:50","modified_gmt":"2018-03-13T22:37:50","slug":"martinez-jose-horacio","status":"publish","type":"page","link":"https:\/\/luzboterofineart.com\/en\/artistas-2\/martinez-jose-horacio\/","title":{"rendered":"MART\u00cdNEZ Jos\u00e9 Horacio"},"content":{"rendered":"<p>[vc_row][vc_column][vc_custom_heading source=&#8221;post_title&#8221; use_theme_fonts=&#8221;yes&#8221;][vc_empty_space height=&#8221;20px&#8221;][\/vc_column][\/vc_row][vc_row][vc_column][rev_slider_vc alias=&#8221;martinez-jose-horacio&#8221;][vc_empty_space height=&#8221;20&#8243;][vc_empty_space height=&#8221;20&#8243;][vc_video link=&#8221;https:\/\/www.youtube.com\/watch?v=E6hUXDDGPqU&#8221; el_width=&#8221;80&#8243; align=&#8221;center&#8221;][vc_empty_space height=&#8221;20&#8243;][vc_column_text]<\/p>\n<h4 style=\"text-align: center;\">Jose Horacio Mart\u00ednez, &#8220;El Pescador&#8221;, video, 8:32 min.<\/h4>\n<p>[\/vc_column_text][\/vc_column][\/vc_row][vc_row][vc_column][vc_empty_space height=&#8221;20&#8243;][vc_custom_heading source=&#8221;post_title&#8221; use_theme_fonts=&#8221;yes&#8221;][vc_separator][\/vc_column][\/vc_row][vc_row][vc_column][vc_column_text]<\/p>\n<h4>Jos\u00e9 Horacio Martinez, Buga, Colombia, 1961.<\/h4>\n<p>&nbsp;<\/p>\n<h4>SOLO EXHIBITIONS<\/h4>\n<p><strong>\u00a0<\/strong><\/p>\n<p><strong>2016<\/strong>\u00a0\u00a0 \u201c<em>Pescadores<\/em>\u201d, Luz Botero Fine Art Gallery, Macrofest, Panama City, Panama.<\/p>\n<p><strong>2014<\/strong>\u00a0\u00a0 \u201c<em>Deshidrataci\u00f3n epis\u00f3dica de los sedimentos<\/em>\u201d, Colombo-American Center, Bogota, Colombia.<\/p>\n<p><strong>2013<\/strong>\u00a0\u00a0 \u201c<em>Pintura abierta<\/em>\u201d, Bank of the Republic, Bogota, Colombia.<\/p>\n<p>First Biennial of the South, Luz Botero Fine Art Gallery, Panama City, Panama.<\/p>\n<p>\u201c<em>M\u00e1s all\u00e1 de la pintura<\/em>\u201d, El Museo Gallery, Bogota, Colombia.<\/p>\n<p>\u201c<em>Papeles perdidos<\/em>\u201d, Entre Paredes Gallery, Cali, Colombia.<\/p>\n<p><strong>2011<\/strong>\u00a0\u00a0 \u201c<em>Dibujos n\u00f3madas<\/em>\u201d, El Museo Gallery, Bogota, Colombia.<\/p>\n<p><strong>2010<\/strong>\u00a0\u00a0 \u201c<em>Libretas<\/em>\u201d, Sin Lugar a Dudas, Cali, Colombia.<\/p>\n<p><strong>2009<\/strong>\u00a0\u00a0 \u201c<em>Desde este inmenso autob\u00fas<\/em>\u201d, El Museo Gallery, Bogota, Colombia.<\/p>\n<p><strong>2007<\/strong>\u00a0\u00a0 \u201c<em>De lo que existe ya no es necesario hablar<\/em>\u201d, La Tertulia Museum, Cali, Colombia.<\/p>\n<p>El Museo Gallery, Bogota, Colombia.<\/p>\n<p>\u201c<em>El vigilante<\/em>\u201d, <em>Casa de la Moneda<\/em>, Luis Angel Arango Library, Bogota, Colombia.<\/p>\n<p><strong>2004<\/strong>\u00a0\u00a0 \u201c<em>Desde el jard\u00edn II<\/em>\u201d, El Museo Gallery, Bogota.\u00a0Colombia.<\/p>\n<p>\u201c<em>Comida caliente<\/em>\u201d, Temporary Space, Cali, Colombia.<\/p>\n<p><strong>2003<\/strong>\u00a0\u00a0 \u201c<em>El vigilante<\/em>\u201d, La Tertulia Museum, Cali, Colombia.<\/p>\n<p>\u201c<em>Desde el jard\u00edn<\/em>\u201d, Jenny Vila Gallery, Cali, Colombia.<\/p>\n<p><strong>2001<\/strong>\u00a0\u00a0 \u201c<em>Paseantes<\/em>\u201d,\u00a0El Museo Gallery, Bogota, Colombia.<\/p>\n<p><strong>1999<\/strong>\u00a0\u00a0 \u201c<em>El p\u00fablico<\/em>\u201d, El Museo Gallery, Bogota, Colombia.<\/p>\n<p><strong>1998<\/strong>\u00a0\u00a0 \u201c<em>Comida<\/em>\u201d, La Tertulia Museum, Cali, Colombia.<\/p>\n<p>El Museo Gallery, Bogota, Colombia.<\/p>\n<p>Nina Menocal Gallery, Mexico City, Mexico.<\/p>\n<p><strong>1996<\/strong>\u00a0\u00a0 \u201c<em>Comida<\/em>\u201d, La Tertulia Museum, Cali, Colombia.<\/p>\n<p>\u201c<em>Memorias de infancia<\/em>\u201d, Valenzuela &amp; Klenner Gallery, Bogota, Colombia.<\/p>\n<p><strong>1993<\/strong>\u00a0 \u00a0 Valenzuela &amp; Klenner Gallery, Bogota, Colombia.<\/p>\n<p>Casa Proartes, Cali, Colombia.<\/p>\n<p><strong>1990<\/strong>\u00a0 \u00a0 Valenzuela &amp; Klenner Gallery, Bogota, Colombia.<\/p>\n<p>&nbsp;<\/p>\n<h4>COLLECTIVE EXHIBITIONS<\/h4>\n<p><strong>\u00a0<\/strong><\/p>\n<p><strong>2015<\/strong>\u00a0\u00a0 ARCO, El Museo Gallery, Madrid, Spain.<\/p>\n<p><strong>2014<\/strong>\u00a0\u00a0 \u201c<em>Lenguajes en papel<\/em>\u201d, El Museo Gallery, Bogota, Colombia.<\/p>\n<p>ArtBo, El Museo Gallery, Bogota, Colombia.<\/p>\n<p>Wizo Exhibition, Luz Botero Fine Art Gallery, Panama City, Panama.<\/p>\n<p><em>Enlaces, Isla, Mar y Arte\/<\/em> Links, Island, Sea and Art, Luz Botero Fine Art Gallery, Panama City, Panama.<\/p>\n<p><strong>2013<\/strong>\u00a0\u00a0 First Biennial of the South, Luz Botero Fine Art Gallery, Panama City, Panama.<\/p>\n<p><em>&#8220;Solidarte&#8221;,<\/em> El Museo Gallery, Bogota, Colombia.<\/p>\n<p>\u201c<em>Las nieves en di\u00e1logo<\/em>\u201d, \u00a0Las Nieves Studio, Bogota, Colombia.<\/p>\n<p>\u201c<em>M\u00e1s all\u00e1 de la oraci\u00f3n y la fuerza<\/em>\u201d, Humberto Hernandez Gallery, Cali, Colombia.<\/p>\n<p><strong>2012<\/strong>\u00a0\u00a0 &#8220;<em>SP Arte<\/em>&#8220;, El Museo Gallery, Sao Paulo, Brazil.<\/p>\n<p>\u201c<em>Desde el malestar<\/em>\u201d, Cali, Colombia.<\/p>\n<p>\u201c<em>La vitrina<\/em>\u201d, Sin Lugar a Dudas, Cali, Colombia.<\/p>\n<p>Espacios Gallery, San Salvador, El Salvador.<\/p>\n<p>Luz BoteroFine Art Gallery, Panama City, Panama.<\/p>\n<p>ArtBo, El Museo Gallery, Bogota, Colombia.<\/p>\n<p>Wizo Exhibition, Luz Botero Fine Art Gallery, Panama City, Panama.<\/p>\n<p><strong>2011<\/strong>\u00a0\u00a0 ARCO, El Museo Gallery, Madrid, Spain.<\/p>\n<p>\u201c<em>Cali: fallas de origen<\/em>\u201d, La Central Gallery, Bogota, Colombia.<\/p>\n<p>Art Americas, Elixir Fine Art, Miami, USA.<\/p>\n<p>Art Naples, Elixir Fine Art, Naples, USA.<\/p>\n<p>\u201c<em>Lenguajes de papel<\/em>\u201d, Espacio 2, Bogota, Colombia.<\/p>\n<p>ArtBo, Corferias, El Museo Gallery, Bogota, Colombia.<\/p>\n<p>\u201c<em>Territorios encontrados<\/em>\u201d, Fernando Pradilla Gallery, Madrid, Spain.<\/p>\n<p><strong>2010<\/strong>\u00a0\u00a0 \u201c<em>Sobre papel<\/em>\u201d, Fernando Pradilla Gallery, Madrid, Spain.<\/p>\n<p>ArtBo, El Museo Gallery, Bogota, Colombia.<\/p>\n<p>&#8220;Black Month&#8221;, Colombo-American Cultural Center, Bogota, Colombia.<\/p>\n<p><strong>2009<\/strong>\u00a0\u00a0 \u201c<em>Pasado y presente<\/em>\u201d, El Museo Gallery, Bogota, Colombia.<\/p>\n<p>\u201c<em>Fronteras, rastros y rostros de la abstracci\u00f3n y la geometr\u00eda en el arte contempor\u00e1neo<\/em>\u201d, El Museo Gallery, Bogota, Colombia.<\/p>\n<p>\u201c<em>VII encuentro hemisf\u00e9rico de performance<\/em>\u201d, National University, Bogota, Colombia.<\/p>\n<p><strong>2008<\/strong>\u00a0\u00a0 ArtBo, El Museo Gallery, Bogota, Colombia.<\/p>\n<p>ARCO, El Museo Gallery, Bogota, Colombia.<\/p>\n<p><strong>2007<\/strong>\u00a0\u00a0 \u201c<em>A prop\u00f3sito del paisaje<\/em>\u201d, El Museo Gallery, Bogota, Colombia.<\/p>\n<p>\u201c<em>Dibujantes del siglo XX<\/em>\u201d, La Cometa Gallery, Bogota, Colombia.<\/p>\n<p>\u201c<em>Dibujos<\/em>\u201d, Jenny Vil\u00e1 Gallery, Cali, Colombia.<\/p>\n<p><strong>2005<\/strong>\u00a0\u00a0 ArtBo, El Museo Gallery, Bogota, Colombia.<\/p>\n<p><strong>2004<\/strong>\u00a0\u00a0 \u201c<em>Cuesti\u00f3n de coraz\u00f3n<\/em>\u201d, El Museo Gallery, Bogota, Colombia.<\/p>\n<p><strong>2003<\/strong>\u00a0\u00a0 \u201c<em>Paralelos y meridianos<\/em>\u201d, Gabriel Turbay Library, Bucaramanga, Colombia.<\/p>\n<p>\u201c<em>Solidarte<\/em>\u201d, El Museo Gallery, Bogota, Colombia.<\/p>\n<p>\u201c<em>Desplazamientos 90<\/em>\u201d, Museum of Modern Art, Bogota, Colombia.<\/p>\n<p><strong>2002<\/strong>\u00a0\u00a0 El Museo Gallery, Bogota, Colombia.<\/p>\n<p>\u201c<em>Relatos de usos y abusos<\/em>\u201d, Caracas, Venezuela.<\/p>\n<p><strong>2001<\/strong>\u00a0\u00a0 \u201c<em>Colombia visible\/invisible<\/em>\u201d, Fernando Pradilla Gallery, Madrid, Spain.<\/p>\n<p>\u201c<em>El enigma de la masculinidad<\/em>\u201d, Museum of Modern Art, Cartagena, Colombia.<\/p>\n<p>\u201c<em>Fragmentos de un video amoroso<\/em>\u201d, Higher Academy of Arts, Bogota, Colombia.<\/p>\n<p><strong>2000<\/strong>\u00a0\u00a0 \u201c<em>El esp\u00edritu y el lugar<\/em>\u201d, Comfandi Cultural Center, Bogota, Colombia.<\/p>\n<p>\u201c<em>La muerte<\/em>\u201d, La Tertulia Museum, Cali, Colombia.<\/p>\n<p><strong>1999<\/strong>\u00a0\u00a0 El Museo Gallery, Bogota, Colombia.<\/p>\n<p><strong>1998<\/strong>\u00a0\u00a0 \u201c<em>Algunos dibujantes<\/em>\u201d, Santa Fe Gallery, Bogota, Colombia.<\/p>\n<p>\u201c<em>Pintura colombiana de los 90\u2019s<\/em>\u201d, Ministry of Culture, Cartagena, Colombia.<\/p>\n<p>\u201c<em>Rojo sobre rojo<\/em>\u201d, Luis Angel Arango Library, Bogota, Colombia.<\/p>\n<p>Cultural Area of the State Bank, Popayan, Colombia.<\/p>\n<p>Ministry of Culture, Bogota, Colombia.<\/p>\n<p>\u201c<em>Pintura colombiana<\/em>\u201d, La Tertulia Museum, Cali, Colombia.<\/p>\n<p><strong>1997<\/strong>\u00a0\u00a0 ARCO, El Museo Gallery, Madrid, Spain.<\/p>\n<p>Expoarte, Guadalajara, Mexico.<\/p>\n<p>Colombian Institute of Culture, Pasto, Colombia.<\/p>\n<p><strong>1996<\/strong>\u00a0\u00a0 ARCO, El Museo Gallery, Madrid, Spain.<\/p>\n<p>\u201c<em>Por mi raza hablar\u00e1 el esp\u00edritu<\/em>\u201d, Chopo Museum, Mexico City, Mexico.<\/p>\n<p>\u201c<em>Pintura joven colombiana<\/em>\u201d, Seville, Spain.<\/p>\n<p>\u201c<em>Punto de apoyo<\/em>\u201d, Former Convent del Carmen, Guadalajara, Mexico.<\/p>\n<p>FIA, El Museo Gallery, Caracas, Venezuela.<\/p>\n<p>Colombian Institute of Culture, Corferias, Bogota, Colombia.<\/p>\n<p>\u201c<em>Colombia, nueva generaci\u00f3n<\/em>\u201d, Camargo Vilaca Gallery, Sao Paulo, Brazil.<\/p>\n<p><strong>1995<\/strong>\u00a0\u00a0 \u201c<em>Realismo m\u00e1gico<\/em>\u201d, Theorems Gallery, Brussels, Belgium \/ Mead Gallery, Stockholm \/ Art Center of the University of Warwick, Coventry, UK \/ Concourse Gallery, Barbican Centre, London, United Kingdom \/ Melina Mercury Cultural Center, Athens, Greece.<\/p>\n<p><strong>1994<\/strong>\u00a0\u00a0 &#8220;Art25&#8221;, Valenzuela &amp; Klenner Gallery, Basel, Switzerland.<\/p>\n<p>\u201c<em>Nuevas adquisiciones<\/em>\u201d, La Tertulia Museum, Cali, Colombia.<\/p>\n<p><strong>1992<\/strong>\u00a0\u00a0 \u201c<em>Pintar no es una sola cosa<\/em>\u201d, Bank of the Republic, Bogota, Colombia.<\/p>\n<p>Valenzuela &amp; Klenner Gallery, Bogota, Colombia.<\/p>\n<p><strong>1991<\/strong>\u00a0\u00a0 \u201c<em>Ocho nuevos artistas de Cali<\/em>\u201d, La Tertulia Museum, Cali, Colombia.<\/p>\n<p>Pre-Biennial of Cuenca in Colombia, Museum of Contemporary Art, Bogota, Colombia.<\/p>\n<p>\u201c<em>Cuatro meditaciones sobre papel<\/em>\u201d, Valenzuela &amp; Klenner Gallery, Bogota, Colombia.<\/p>\n<p>\u201c<em>Reflexiones figurativas<\/em>\u201d, Institute of Culture and Tourism, Bogota, Colombia.<\/p>\n<p>International Painting Biennial, Cuenca, Ecuador.<\/p>\n<p>FIART, Valenzuela &amp; Klenner Gallery, Bogota.\u00a0Colombia.<\/p>\n<p><strong>1990<\/strong>\u00a0\u00a0 Colombian Institute of Culture, Corferias, Bogota, Colombia.<\/p>\n<p><strong>1989<\/strong>\u00a0\u00a0 \u201c<em>Arte Ahora<\/em>\u201d, Jenny Vil\u00e1 Gallery, Cali, Colombia.<\/p>\n<p><strong>1988<\/strong>\u00a0\u00a0 \u201c<em>Exposici\u00f3n 10<\/em>\u201d, Ventana Gallery, Cali, Colombia.<\/p>\n<p>&nbsp;<\/p>\n<h4>AWARDS AND DISTINCTIONS<\/h4>\n<p><strong>\u00a0<\/strong><\/p>\n<p><strong>2007<\/strong>\u00a0\u00a0 Member of the Curatorial Committee of the National Artists\u2019 Salon, Bogota, Colombia.<\/p>\n<p><strong>2002<\/strong>\u00a0\u00a0 Selection and Award Jury of the Ministry of Culture\u2019s Regional Salons, Bogota, Colombia.<\/p>\n<p><strong>1998<\/strong>\u00a0\u00a0 1<sup>st<\/sup> Prize &#8211; Colombian Painting in the 90\u2019s, Inter-American Development Bank, Ministry of Culture, Cartagena, Colombia.<\/p>\n<p><strong>1994<\/strong>\u00a0\u00a0 1<sup>st<\/sup> Prize, National Artists\u2019 Salon, Colombian Institute of Culture, Corferias, Bogota, Colombia.<\/p>\n<p><strong>1991<\/strong>\u00a0\u00a0 1<sup>st<\/sup> Prize, Regional Artists\u2019 Salons, Colombian Institute of Culture, Cali, Colombia.<\/p>\n<p>Del Valle University Award, Urban Project, Cali, Colombia Award.<\/p>\n<p><strong>1990<\/strong>\u00a0\u00a0 Honorable Mention, National Artists\u2019 Salon, Colombian Institute of Culture, Bogota, Colombia.<\/p>\n<p>&nbsp;<\/p>\n<h4>PUBLIC COLLECTIONS<\/h4>\n<p>&nbsp;<\/p>\n<p>Inter-American Development Bank, Washington DC, USA.<\/p>\n<p>La Tertulia Museum, Cali, Colombia.<\/p>\n<p>Luis Angel Arango Library, Bank of the Republic, Bogota, Colombia.<\/p>\n<p><span style=\"color: #ffffff;\">.<\/span>[\/vc_column_text][\/vc_column][\/vc_row]<\/p>","protected":false},"excerpt":{"rendered":"<p>[vc_row][vc_column][vc_custom_heading source=&#8221;post_title&#8221; use_theme_fonts=&#8221;yes&#8221;][vc_empty_space height=&#8221;20px&#8221;][\/vc_column][\/vc_row][vc_row][vc_column][rev_slider_vc alias=&#8221;martinez-jose-horacio&#8221;][vc_empty_space height=&#8221;20&#8243;][vc_empty_space height=&#8221;20&#8243;][vc_video link=&#8221;https:\/\/www.youtube.com\/watch?v=E6hUXDDGPqU&#8221; el_width=&#8221;80&#8243; align=&#8221;center&#8221;][vc_empty_space height=&#8221;20&#8243;][vc_column_text] Jose Horacio Mart\u00ednez, &#8220;El Pescador&#8221;, video, 8:32 min. [\/vc_column_text][\/vc_column][\/vc_row][vc_row][vc_column][vc_empty_space height=&#8221;20&#8243;][vc_custom_heading source=&#8221;post_title&#8221; use_theme_fonts=&#8221;yes&#8221;][vc_separator][\/vc_column][\/vc_row][vc_row][vc_column][vc_column_text] Jos\u00e9 Horacio Martinez, Buga, Colombia, 1961. &nbsp; SOLO EXHIBITIONS \u00a0 2016\u00a0\u00a0 \u201cPescadores\u201d, Luz Botero Fine Art Gallery, Macrofest, Panama City, Panama. 2014\u00a0\u00a0 \u201cDeshidrataci\u00f3n epis\u00f3dica de los sedimentos\u201d, Colombo-American Center, Bogota, Colombia. 2013\u00a0\u00a0&hellip;<\/p>\n","protected":false},"author":1,"featured_media":375,"parent":117,"menu_order":0,"comment_status":"closed","ping_status":"closed","template":"","meta":{"inline_featured_image":false},"tags":[5],"acf":[],"_links":{"self":[{"href":"https:\/\/luzboterofineart.com\/en\/wp-json\/wp\/v2\/pages\/252"}],"collection":[{"href":"https:\/\/luzboterofineart.com\/en\/wp-json\/wp\/v2\/pages"}],"about":[{"href":"https:\/\/luzboterofineart.com\/en\/wp-json\/wp\/v2\/types\/page"}],"author":[{"embeddable":true,"href":"https:\/\/luzboterofineart.com\/en\/wp-json\/wp\/v2\/users\/1"}],"replies":[{"embeddable":true,"href":"https:\/\/luzboterofineart.com\/en\/wp-json\/wp\/v2\/comments?post=252"}],"version-history":[{"count":27,"href":"https:\/\/luzboterofineart.com\/en\/wp-json\/wp\/v2\/pages\/252\/revisions"}],"predecessor-version":[{"id":1478,"href":"https:\/\/luzboterofineart.com\/en\/wp-json\/wp\/v2\/pages\/252\/revisions\/1478"}],"up":[{"embeddable":true,"href":"https:\/\/luzboterofineart.com\/en\/wp-json\/wp\/v2\/pages\/117"}],"wp:featuredmedia":[{"embeddable":true,"href":"https:\/\/luzboterofineart.com\/en\/wp-json\/wp\/v2\/media\/375"}],"wp:attachment":[{"href":"https:\/\/luzboterofineart.com\/en\/wp-json\/wp\/v2\/media?parent=252"}],"wp:term":[{"taxonomy":"post_tag","embeddable":true,"href":"https:\/\/luzboterofineart.com\/en\/wp-json\/wp\/v2\/tags?post=252"}],"curies":[{"name":"wp","href":"https:\/\/api.w.org\/{rel}","templated":true}]}}